{"id":1122,"date":"2022-02-14T15:12:01","date_gmt":"2022-02-14T22:12:01","guid":{"rendered":"https:\/\/choicesaz.com\/?page_id=1122"},"modified":"2022-06-22T12:02:28","modified_gmt":"2022-06-22T19:02:28","slug":"statement-of-faith","status":"publish","type":"page","link":"https:\/\/choicesaz.com\/es\/get-involved\/statement-of-faith\/","title":{"rendered":"Statement of Faith &#8211; Employment Application"},"content":{"rendered":"<p><div class=\"fusion-fullwidth fullwidth-box fusion-builder-row-1 nonhundred-percent-fullwidth non-hundred-percent-height-scrolling fusion-no-small-visibility fusion-no-medium-visibility\" style=\"--awb-background-position:right center;--awb-border-radius-top-left:0px;--awb-border-radius-top-right:0px;--awb-border-radius-bottom-right:0px;--awb-border-radius-bottom-left:0px;--awb-padding-top:120px;--awb-padding-right:3%;--awb-padding-bottom:120px;--awb-padding-left:3%;--awb-margin-top:0px;--awb-margin-bottom:0px;--awb-background-color:#f7f7f7;--awb-background-image:linear-gradient(180deg, #133556 0%,#055c95 100%);--awb-flex-wrap:wrap;\" ><div class=\"fusion-builder-row fusion-row\"><div class=\"fusion-layout-column fusion_builder_column fusion-builder-column-0 fusion_builder_column_1_2 1_2 fusion-one-half fusion-column-first fusion-no-small-visibility fusion-no-medium-visibility\" style=\"--awb-bg-size:cover;width:50%;width:calc(50% - ( ( 4% ) * 0.5 ) );margin-right: 4%;\"><div class=\"fusion-column-wrapper fusion-column-has-shadow fusion-flex-column-wrapper-legacy\"><div class=\"fusion-text fusion-text-1\" style=\"--awb-text-transform:none;\"><h1 id=\"tw-target-text\" class=\"tw-data-text tw-text-large tw-ta white\" dir=\"ltr\" data-placeholder=\"Translation\"><span class=\"Y2IQFc\" lang=\"es\">Declaraci\u00f3n de Fe<\/span><\/h1>\n<p id=\"tw-target-text\" class=\"tw-data-text tw-text-large tw-ta white\" dir=\"ltr\" data-placeholder=\"Translation\"><span class=\"Y2IQFc\" lang=\"es\">Lea la siguiente declaraci\u00f3n antes de continuar con el proceso de solicitud.<\/span><\/p>\n<\/div><div class=\"fusion-clearfix\"><\/div><\/div><\/div><div class=\"fusion-layout-column fusion_builder_column fusion-builder-column-1 fusion_builder_column_1_2 1_2 fusion-one-half fusion-column-last fusion-no-small-visibility fusion-no-medium-visibility\" style=\"--awb-bg-size:cover;width:50%;width:calc(50% - ( ( 4% ) * 0.5 ) );\"><div class=\"fusion-column-wrapper fusion-column-has-shadow fusion-flex-column-wrapper-legacy\"><div class=\"fusion-clearfix\"><\/div><\/div><\/div><\/div><\/div><div class=\"fusion-fullwidth fullwidth-box fusion-builder-row-2 nonhundred-percent-fullwidth non-hundred-percent-height-scrolling fusion-no-small-visibility fusion-no-large-visibility\" style=\"--awb-background-position:right center;--awb-border-radius-top-left:0px;--awb-border-radius-top-right:0px;--awb-border-radius-bottom-right:0px;--awb-border-radius-bottom-left:0px;--awb-padding-top:120px;--awb-padding-right:3%;--awb-padding-bottom:120px;--awb-padding-left:3%;--awb-margin-top:0px;--awb-margin-bottom:0px;--awb-background-color:#f7f7f7;--awb-background-image:linear-gradient(180deg, #133556 0%,#055c95 100%);--awb-flex-wrap:wrap;\" ><div class=\"fusion-builder-row fusion-row\"><div class=\"fusion-layout-column fusion_builder_column fusion-builder-column-2 fusion_builder_column_1_2 1_2 fusion-one-half fusion-column-first fusion-no-small-visibility fusion-no-large-visibility\" style=\"--awb-bg-size:cover;width:50%;width:calc(50% - ( ( 4% ) * 0.5 ) );margin-right: 4%;\"><div class=\"fusion-column-wrapper fusion-column-has-shadow fusion-flex-column-wrapper-legacy\"><div class=\"fusion-text fusion-text-2\" style=\"--awb-text-transform:none;\"><h1 id=\"tw-target-text\" class=\"tw-data-text tw-text-large tw-ta white\" dir=\"ltr\" data-placeholder=\"Translation\"><span class=\"Y2IQFc\" lang=\"es\">Declaraci\u00f3n de Fe<\/span><\/h1>\n<p id=\"tw-target-text\" class=\"tw-data-text tw-text-large tw-ta white\" dir=\"ltr\" data-placeholder=\"Translation\"><span class=\"Y2IQFc\" lang=\"es\">Lea la siguiente declaraci\u00f3n antes de continuar con el proceso de solicitud.<\/span><\/p>\n<\/div><div class=\"fusion-clearfix\"><\/div><\/div><\/div><div class=\"fusion-layout-column fusion_builder_column fusion-builder-column-3 fusion_builder_column_1_2 1_2 fusion-one-half fusion-column-last fusion-no-small-visibility fusion-no-large-visibility\" style=\"--awb-bg-size:cover;width:50%;width:calc(50% - ( ( 4% ) * 0.5 ) );\"><div class=\"fusion-column-wrapper fusion-column-has-shadow fusion-flex-column-wrapper-legacy\"><div class=\"fusion-clearfix\"><\/div><\/div><\/div><\/div><\/div><div class=\"fusion-fullwidth fullwidth-box fusion-builder-row-3 nonhundred-percent-fullwidth non-hundred-percent-height-scrolling fusion-no-medium-visibility fusion-no-large-visibility\" style=\"--awb-background-position:right center;--awb-border-radius-top-left:0px;--awb-border-radius-top-right:0px;--awb-border-radius-bottom-right:0px;--awb-border-radius-bottom-left:0px;--awb-padding-top:0px;--awb-padding-right:0px;--awb-padding-bottom:0px;--awb-padding-left:0px;--awb-margin-top:0px;--awb-margin-bottom:0px;--awb-background-color:#f7f7f7;--awb-background-image:linear-gradient(180deg, #133556 0%,#055c95 100%);--awb-flex-wrap:wrap;\" ><div class=\"fusion-builder-row fusion-row\"><div class=\"fusion-layout-column fusion_builder_column fusion-builder-column-4 fusion_builder_column_1_1 1_1 fusion-one-full fusion-column-first fusion-column-last fusion-no-medium-visibility fusion-no-large-visibility\" style=\"--awb-padding-top:40px;--awb-padding-right:40px;--awb-padding-bottom:30px;--awb-padding-left:40px;--awb-bg-size:cover;\"><div class=\"fusion-column-wrapper fusion-column-has-shadow fusion-flex-column-wrapper-legacy\"><div class=\"fusion-text fusion-text-3\" style=\"--awb-text-transform:none;\"><h1 id=\"tw-target-text\" class=\"tw-data-text tw-text-large tw-ta white\" dir=\"ltr\" data-placeholder=\"Translation\"><span class=\"Y2IQFc\" lang=\"es\">Declaraci\u00f3n de Fe<\/span><\/h1>\n<p id=\"tw-target-text\" class=\"tw-data-text tw-text-large tw-ta white\" dir=\"ltr\" data-placeholder=\"Translation\"><span class=\"Y2IQFc\" lang=\"es\">Lea la siguiente declaraci\u00f3n antes de continuar con el proceso de solicitud.<\/span><\/p>\n<\/div><div class=\"fusion-clearfix\"><\/div><\/div><\/div><\/div><\/div><div class=\"fusion-fullwidth fullwidth-box fusion-builder-row-4 nonhundred-percent-fullwidth non-hundred-percent-height-scrolling fusion-no-small-visibility\" style=\"--awb-border-radius-top-left:0px;--awb-border-radius-top-right:0px;--awb-border-radius-bottom-right:0px;--awb-border-radius-bottom-left:0px;--awb-padding-top:60px;--awb-padding-right:3%;--awb-padding-bottom:60px;--awb-padding-left:3%;--awb-flex-wrap:wrap;\" ><div class=\"fusion-builder-row fusion-row\"><div class=\"fusion-layout-column fusion_builder_column fusion-builder-column-5 fusion_builder_column_2_3 2_3 fusion-two-third fusion-column-first fusion-no-small-visibility\" style=\"--awb-padding-top:0px;--awb-padding-bottom:0px;--awb-bg-size:cover;--awb-margin-bottom:0px;width:66.666666666667%;width:calc(66.666666666667% - ( ( 4% ) * 0.66666666666667 ) );margin-right: 4%;\"><div class=\"fusion-column-wrapper fusion-column-has-shadow fusion-flex-column-wrapper-legacy\"><div class=\"fusion-text fusion-text-4\" style=\"--awb-text-transform:none;\"><p><b><span class=\"Y2IQFc\" lang=\"es\">Choices Pregnancy Centers requiere que todos los solicitantes revisen, acepten y se adhieran a nuestra Declaraci\u00f3n de fe antes de continuar con el proceso de solicitud:<\/span><\/b><\/p>\n<p><span class=\"Y2IQFc\" lang=\"es\">Creemos que la Biblia es la Palabra de Dios inspirada, la \u00fanica infalible y autorizada (II Timoteo 3:16). Creemos que hay un solo Dios, eternamente existente en tres personas: Padre, Hijo y Esp\u00edritu Santo (Mateo 28:19).<br \/>\n<\/span><\/p>\n<p id=\"tw-target-text\" class=\"tw-data-text tw-text-large tw-ta\" dir=\"ltr\" data-placeholder=\"Translation\"><span class=\"Y2IQFc\" lang=\"es\">Creemos en la deidad de nuestro Se\u00f1or Jesucristo, en Su nacimiento virginal, en Su vida sin pecado, en Sus milagros, en Su muerte vicaria y expiatoria por medio de Su sangre derramada, en Su resurrecci\u00f3n corporal, en Su ascensi\u00f3n a la diestra del Padre, y en Su regreso personal en poder y gloria (Juan 1:14). <\/span><\/p>\n<p class=\"tw-data-text tw-text-large tw-ta\" dir=\"ltr\" data-placeholder=\"Translation\"><span class=\"Y2IQFc\" lang=\"es\">Creemos que para la salvaci\u00f3n del hombre perdido y pecador, la regeneraci\u00f3n por el Esp\u00edritu Santo es absolutamente esencial y que esta salvaci\u00f3n se recibe por medio de la fe en Jesucristo como Salvador y Se\u00f1or y no como resultado de buenas obras (Romanos 3:23, 6:23 y Efesios 2:8-9).<\/span><\/p>\n<p id=\"tw-target-text\" class=\"tw-data-text tw-text-large tw-ta\" dir=\"ltr\" data-placeholder=\"Translation\"><span class=\"Y2IQFc\" lang=\"es\">Creemos en el ministerio presente del Esp\u00edritu Santo por cuya morada el cristiano es capacitado para vivir una vida piadosa y realizar buenas obras (G\u00e1latas 6:9).<\/span><\/p>\n<p class=\"tw-data-text tw-text-large tw-ta\" dir=\"ltr\" data-placeholder=\"Translation\"><span class=\"Y2IQFc\" lang=\"es\">Creemos en la resurrecci\u00f3n tanto de los salvos como de los perdidos; los salvos para resurrecci\u00f3n de vida y los perdidos para resurrecci\u00f3n de condenaci\u00f3n (Juan 5:28-29).<\/span><\/p>\n<p id=\"tw-target-text\" class=\"tw-data-text tw-text-large tw-ta\" dir=\"ltr\" data-placeholder=\"Translation\"><span class=\"Y2IQFc\" lang=\"es\">Creemos en la unidad espiritual de los creyentes en nuestro Se\u00f1or Jesucristo. Creemos que la manera que Dios ha escogido para lograr Sus prop\u00f3sitos es a trav\u00e9s de Su Iglesia, el cuerpo de Cristo, trabajando juntos en congregaciones locales en cada comunidad, pero tambi\u00e9n trabajando como UN CUERPO en todas partes (I <\/span><\/p>\n<p class=\"tw-data-text tw-text-large tw-ta\" dir=\"ltr\" data-placeholder=\"Translation\"><span class=\"Y2IQFc\" lang=\"es\">Corintios 12:12). Creemos que toda vida humana es sagrada y creada por Dios a Su imagen. La vida humana tiene un valor inestimable en todas sus dimensiones, incluidos los beb\u00e9s antes de nacer, los ancianos, los discapacitados f\u00edsicos o mentales y cualquier otra etapa o condici\u00f3n desde la concepci\u00f3n hasta la muerte natural (Salmos 139).<\/span><\/p>\n<p id=\"tw-target-text\" class=\"tw-data-text tw-text-large tw-ta\" dir=\"ltr\" data-placeholder=\"Translation\"><span class=\"Y2IQFc\" lang=\"es\">Creemos que Dios maravillosa e inmutablemente crea a cada persona como hombre o mujer. Estos dos sexos distintos y complementarios juntos reflejan la imagen y la naturaleza de Dios (G\u00e9nesis 1:26-27). El rechazo del sexo biol\u00f3gico de uno es un rechazo de la imagen de Dios dentro de esa persona. Creemos que el t\u00e9rmino \u201cmatrimonio\u201d tiene un solo significado: la uni\u00f3n de un hombre y una mujer en una uni\u00f3n \u00fanica y exclusiva, como se describe en las Escrituras (G\u00e9nesis 2:18-25). <\/span><\/p>\n<p class=\"tw-data-text tw-text-large tw-ta\" dir=\"ltr\" data-placeholder=\"Translation\"><span class=\"Y2IQFc\" lang=\"es\">Creemos que Dios tiene la intenci\u00f3n de que la intimidad sexual ocurra solo entre un hombre y una mujer que est\u00e1n casados \u200b\u200bentre s\u00ed (I Corintios 6:18; 7:2-5; Hebreos 13:4).<\/span><\/p>\n<p id=\"tw-target-text\" class=\"tw-data-text tw-text-large tw-ta\" dir=\"ltr\" data-placeholder=\"Translation\"><span class=\"Y2IQFc\" lang=\"es\">Creemos que cualquier forma de inmoralidad sexual (incluido el adulterio, la fornicaci\u00f3n, la gratificaci\u00f3n sexual con una persona menor de 18 a\u00f1os, la conducta homosexual, la conducta bisexual, la bestialidad, el incesto o el uso de la pornograf\u00eda) es pecaminosa y ofensiva para Dios (Mateo 15 :18-20; 1 Corintios 6:9-10). <\/span><\/p>\n<p class=\"tw-data-text tw-text-large tw-ta\" dir=\"ltr\" data-placeholder=\"Translation\"><span class=\"Y2IQFc\" lang=\"es\">Creemos que cada persona debe recibir compasi\u00f3n, amor, amabilidad, respeto y dignidad. (Marcos 12:28-31; Lucas 6:31) Las conductas o actitudes odiosas y acosadoras dirigidas hacia cualquier individuo deben ser repudiadas y no est\u00e1n de acuerdo con las Escrituras y no son las doctrinas de Choices.<\/span><\/p>\n<\/div><div class=\"fusion-sep-clear\"><\/div><div class=\"fusion-separator fusion-full-width-sep\" style=\"margin-left: auto;margin-right: auto;margin-top:20px;width:100%;\"><\/div><div class=\"fusion-sep-clear\"><\/div><div class=\"fusion-text fusion-text-5\" style=\"--awb-text-transform:none;\"><p id=\"tw-target-text\" class=\"tw-data-text tw-text-large tw-ta\" dir=\"ltr\" data-placeholder=\"Translation\"><b><span class=\"Y2IQFc\" lang=\"es\">He le\u00eddo la declaraci\u00f3n de fe de Choices y estoy de acuerdo y acepto adherirme completamente a las declaraciones anteriores.<\/span><\/b><\/p>\n<\/div><div class=\"fusion-button-wrapper\"><a class=\"fusion-button button-flat button-xlarge button-default fusion-button-default button-1 fusion-button-default-span fusion-button-default-type\" target=\"_blank\" rel=\"noopener noreferrer\" href=\"https:\/\/choicesaz.typeform.com\/to\/am1VjW\"><span class=\"fusion-button-text awb-button__text awb-button__text--default\">Estoy de acuerdo<\/span><\/a><\/div><div class=\"fusion-sep-clear\"><\/div><div class=\"fusion-separator fusion-full-width-sep\" style=\"margin-left: auto;margin-right: auto;margin-top:20px;width:100%;\"><\/div><div class=\"fusion-sep-clear\"><\/div><div class=\"fusion-clearfix\"><\/div><\/div><\/div><div class=\"fusion-layout-column fusion_builder_column fusion-builder-column-6 fusion_builder_column_1_3 1_3 fusion-one-third fusion-column-last\" style=\"--awb-padding-top:0px;--awb-padding-right:0px;--awb-padding-bottom:0px;--awb-padding-left:0px;--awb-bg-color:#ffffff;--awb-bg-color-hover:#ffffff;--awb-bg-size:cover;width:33.333333333333%;width:calc(33.333333333333% - ( ( 4% ) * 0.33333333333333 ) );\"><div class=\"fusion-column-wrapper fusion-column-has-shadow fusion-flex-column-wrapper-legacy\"><div class=\"fusion-clearfix\"><\/div><\/div><\/div>\n<\/div><\/div><div class=\"fusion-fullwidth fullwidth-box fusion-builder-row-5 nonhundred-percent-fullwidth non-hundred-percent-height-scrolling fusion-no-medium-visibility fusion-no-large-visibility\" style=\"--awb-border-radius-top-left:0px;--awb-border-radius-top-right:0px;--awb-border-radius-bottom-right:0px;--awb-border-radius-bottom-left:0px;--awb-padding-top:30px;--awb-padding-right:8%;--awb-padding-bottom:30px;--awb-padding-left:8%;--awb-flex-wrap:wrap;\" ><div class=\"fusion-builder-row fusion-row\"><div class=\"fusion-layout-column fusion_builder_column fusion-builder-column-7 fusion_builder_column_1_1 1_1 fusion-one-full fusion-column-first fusion-column-last fusion-no-medium-visibility fusion-no-large-visibility\" style=\"--awb-padding-top:0px;--awb-padding-bottom:0px;--awb-bg-size:cover;--awb-margin-bottom:0px;\"><div class=\"fusion-column-wrapper fusion-column-has-shadow fusion-flex-column-wrapper-legacy\"><div class=\"fusion-text fusion-text-6\" style=\"--awb-text-transform:none;\"><p><b><span class=\"Y2IQFc\" lang=\"es\">Choices Pregnancy Centers requiere que todos los solicitantes revisen, acepten y se adhieran a nuestra Declaraci\u00f3n de fe antes de continuar con el proceso de solicitud:<\/span><\/b><\/p>\n<p><span class=\"Y2IQFc\" lang=\"es\">Creemos que la Biblia es la Palabra de Dios inspirada, la \u00fanica infalible y autorizada (II Timoteo 3:16). Creemos que hay un solo Dios, eternamente existente en tres personas: Padre, Hijo y Esp\u00edritu Santo (Mateo 28:19).<br \/>\n<\/span><\/p>\n<p id=\"tw-target-text\" class=\"tw-data-text tw-text-large tw-ta\" dir=\"ltr\" data-placeholder=\"Translation\"><span class=\"Y2IQFc\" lang=\"es\">Creemos en la deidad de nuestro Se\u00f1or Jesucristo, en Su nacimiento virginal, en Su vida sin pecado, en Sus milagros, en Su muerte vicaria y expiatoria por medio de Su sangre derramada, en Su resurrecci\u00f3n corporal, en Su ascensi\u00f3n a la diestra del Padre, y en Su regreso personal en poder y gloria (Juan 1:14). <\/span><\/p>\n<p class=\"tw-data-text tw-text-large tw-ta\" dir=\"ltr\" data-placeholder=\"Translation\"><span class=\"Y2IQFc\" lang=\"es\">Creemos que para la salvaci\u00f3n del hombre perdido y pecador, la regeneraci\u00f3n por el Esp\u00edritu Santo es absolutamente esencial y que esta salvaci\u00f3n se recibe por medio de la fe en Jesucristo como Salvador y Se\u00f1or y no como resultado de buenas obras (Romanos 3:23, 6:23 y Efesios 2:8-9).<\/span><\/p>\n<p id=\"tw-target-text\" class=\"tw-data-text tw-text-large tw-ta\" dir=\"ltr\" data-placeholder=\"Translation\"><span class=\"Y2IQFc\" lang=\"es\">Creemos en el ministerio presente del Esp\u00edritu Santo por cuya morada el cristiano es capacitado para vivir una vida piadosa y realizar buenas obras (G\u00e1latas 6:9).<\/span><\/p>\n<p class=\"tw-data-text tw-text-large tw-ta\" dir=\"ltr\" data-placeholder=\"Translation\"><span class=\"Y2IQFc\" lang=\"es\">Creemos en la resurrecci\u00f3n tanto de los salvos como de los perdidos; los salvos para resurrecci\u00f3n de vida y los perdidos para resurrecci\u00f3n de condenaci\u00f3n (Juan 5:28-29).<\/span><\/p>\n<p id=\"tw-target-text\" class=\"tw-data-text tw-text-large tw-ta\" dir=\"ltr\" data-placeholder=\"Translation\"><span class=\"Y2IQFc\" lang=\"es\">Creemos en la unidad espiritual de los creyentes en nuestro Se\u00f1or Jesucristo. Creemos que la manera que Dios ha escogido para lograr Sus prop\u00f3sitos es a trav\u00e9s de Su Iglesia, el cuerpo de Cristo, trabajando juntos en congregaciones locales en cada comunidad, pero tambi\u00e9n trabajando como UN CUERPO en todas partes (I <\/span><\/p>\n<p class=\"tw-data-text tw-text-large tw-ta\" dir=\"ltr\" data-placeholder=\"Translation\"><span class=\"Y2IQFc\" lang=\"es\">Corintios 12:12). Creemos que toda vida humana es sagrada y creada por Dios a Su imagen. La vida humana tiene un valor inestimable en todas sus dimensiones, incluidos los beb\u00e9s antes de nacer, los ancianos, los discapacitados f\u00edsicos o mentales y cualquier otra etapa o condici\u00f3n desde la concepci\u00f3n hasta la muerte natural (Salmos 139).<\/span><\/p>\n<p id=\"tw-target-text\" class=\"tw-data-text tw-text-large tw-ta\" dir=\"ltr\" data-placeholder=\"Translation\"><span class=\"Y2IQFc\" lang=\"es\">Creemos que Dios maravillosa e inmutablemente crea a cada persona como hombre o mujer. Estos dos sexos distintos y complementarios juntos reflejan la imagen y la naturaleza de Dios (G\u00e9nesis 1:26-27). El rechazo del sexo biol\u00f3gico de uno es un rechazo de la imagen de Dios dentro de esa persona. Creemos que el t\u00e9rmino \u201cmatrimonio\u201d tiene un solo significado: la uni\u00f3n de un hombre y una mujer en una uni\u00f3n \u00fanica y exclusiva, como se describe en las Escrituras (G\u00e9nesis 2:18-25). <\/span><\/p>\n<p class=\"tw-data-text tw-text-large tw-ta\" dir=\"ltr\" data-placeholder=\"Translation\"><span class=\"Y2IQFc\" lang=\"es\">Creemos que Dios tiene la intenci\u00f3n de que la intimidad sexual ocurra solo entre un hombre y una mujer que est\u00e1n casados \u200b\u200bentre s\u00ed (I Corintios 6:18; 7:2-5; Hebreos 13:4).<\/span><\/p>\n<p id=\"tw-target-text\" class=\"tw-data-text tw-text-large tw-ta\" dir=\"ltr\" data-placeholder=\"Translation\"><span class=\"Y2IQFc\" lang=\"es\">Creemos que cualquier forma de inmoralidad sexual (incluido el adulterio, la fornicaci\u00f3n, la gratificaci\u00f3n sexual con una persona menor de 18 a\u00f1os, la conducta homosexual, la conducta bisexual, la bestialidad, el incesto o el uso de la pornograf\u00eda) es pecaminosa y ofensiva para Dios (Mateo 15 :18-20; 1 Corintios 6:9-10). <\/span><\/p>\n<p class=\"tw-data-text tw-text-large tw-ta\" dir=\"ltr\" data-placeholder=\"Translation\"><span class=\"Y2IQFc\" lang=\"es\">Creemos que cada persona debe recibir compasi\u00f3n, amor, amabilidad, respeto y dignidad. (Marcos 12:28-31; Lucas 6:31) Las conductas o actitudes odiosas y acosadoras dirigidas hacia cualquier individuo deben ser repudiadas y no est\u00e1n de acuerdo con las Escrituras y no son las doctrinas de Choices.<\/span><\/p>\n<\/div><div class=\"fusion-sep-clear\"><\/div><div class=\"fusion-separator fusion-full-width-sep\" style=\"margin-left: auto;margin-right: auto;margin-top:20px;width:100%;\"><\/div><div class=\"fusion-sep-clear\"><\/div><div class=\"fusion-text fusion-text-7\" style=\"--awb-text-transform:none;\"><p id=\"tw-target-text\" class=\"tw-data-text tw-text-large tw-ta\" dir=\"ltr\" data-placeholder=\"Translation\"><b><span class=\"Y2IQFc\" lang=\"es\">He le\u00eddo la declaraci\u00f3n de fe de Choices y estoy de acuerdo y acepto adherirme completamente a las declaraciones anteriores.<\/span><\/b><\/p>\n<\/div><div class=\"fusion-button-wrapper\"><a class=\"fusion-button button-flat button-xlarge button-default fusion-button-default button-2 fusion-button-default-span fusion-button-default-type\" target=\"_blank\" rel=\"noopener noreferrer\" href=\"https:\/\/choicesaz.typeform.com\/to\/am1VjW\"><span class=\"fusion-button-text awb-button__text awb-button__text--default\">Estoy interesada<\/span><\/a><\/div><div class=\"fusion-sep-clear\"><\/div><div class=\"fusion-separator fusion-full-width-sep\" style=\"margin-left: auto;margin-right: auto;margin-top:40px;width:100%;\"><\/div><div class=\"fusion-sep-clear\"><\/div><div class=\"fusion-clearfix\"><\/div><\/div><\/div><div class=\"fusion-layout-column fusion_builder_column fusion-builder-column-8 fusion_builder_column_1_3 1_3 fusion-one-third fusion-column-first\" style=\"--awb-padding-top:0px;--awb-padding-right:0px;--awb-padding-bottom:0px;--awb-padding-left:0px;--awb-bg-color:#ffffff;--awb-bg-color-hover:#ffffff;--awb-bg-size:cover;width:33.333333333333%;width:calc(33.333333333333% - ( ( 4% ) * 0.33333333333333 ) );margin-right: 4%;\"><div class=\"fusion-column-wrapper fusion-column-has-shadow fusion-flex-column-wrapper-legacy\"><div class=\"fusion-clearfix\"><\/div><\/div><\/div>\n<\/div><\/div><\/p>\n","protected":false},"excerpt":{"rendered":"","protected":false},"author":10,"featured_media":0,"parent":471,"menu_order":0,"comment_status":"closed","ping_status":"closed","template":"100-width.php","meta":{"_locale":"es_MX","_original_post":"https:\/\/choicesaz.com\/?page_id=1121","footnotes":""},"class_list":["post-1122","page","type-page","status-publish","hentry","es-MX"],"aioseo_notices":[],"_links":{"self":[{"href":"https:\/\/choicesaz.com\/wp-json\/wp\/v2\/pages\/1122","targetHints":{"allow":["GET"]}}],"collection":[{"href":"https:\/\/choicesaz.com\/wp-json\/wp\/v2\/pages"}],"about":[{"href":"https:\/\/choicesaz.com\/wp-json\/wp\/v2\/types\/page"}],"author":[{"embeddable":true,"href":"https:\/\/choicesaz.com\/wp-json\/wp\/v2\/users\/10"}],"replies":[{"embeddable":true,"href":"https:\/\/choicesaz.com\/wp-json\/wp\/v2\/comments?post=1122"}],"version-history":[{"count":0,"href":"https:\/\/choicesaz.com\/wp-json\/wp\/v2\/pages\/1122\/revisions"}],"up":[{"embeddable":true,"href":"https:\/\/choicesaz.com\/wp-json\/wp\/v2\/pages\/471"}],"wp:attachment":[{"href":"https:\/\/choicesaz.com\/wp-json\/wp\/v2\/media?parent=1122"}],"curies":[{"name":"wp","href":"https:\/\/api.w.org\/{rel}","templated":true}]}}