{"id":443,"date":"2020-02-06T21:46:30","date_gmt":"2020-02-06T21:46:30","guid":{"rendered":"https:\/\/choicesprod.wpengine.com\/?page_id=443"},"modified":"2022-06-27T17:36:39","modified_gmt":"2022-06-28T00:36:39","slug":"pregnancy-services","status":"publish","type":"page","link":"https:\/\/choicesaz.com\/es\/learn\/pregnancy-services\/","title":{"rendered":"Pregnancy Services"},"content":{"rendered":"<p><div class=\"fusion-fullwidth fullwidth-box fusion-builder-row-1 fusion-parallax-none nonhundred-percent-fullwidth non-hundred-percent-height-scrolling fusion-no-small-visibility fusion-no-medium-visibility lazyload\" style=\"--awb-background-position:right center;--awb-border-radius-top-left:0px;--awb-border-radius-top-right:0px;--awb-border-radius-bottom-right:0px;--awb-border-radius-bottom-left:0px;--awb-padding-top:120px;--awb-padding-right:3%;--awb-padding-bottom:120px;--awb-padding-left:3%;--awb-margin-top:0px;--awb-margin-bottom:0px;--awb-background-color:#e7e7e7;--awb-background-size:cover;--awb-flex-wrap:wrap;\" data-bg=\"https:\/\/choicesprod.wpengine.com\/wp-content\/uploads\/2020\/02\/pregnancy-services-dsk_3.jpg\" ><div class=\"fusion-builder-row fusion-row\"><div class=\"fusion-layout-column fusion_builder_column fusion-builder-column-0 fusion_builder_column_1_2 1_2 fusion-one-half fusion-column-first fusion-no-small-visibility fusion-no-medium-visibility\" style=\"--awb-bg-size:cover;--awb-margin-bottom:0px;width:50%;width:calc(50% - ( ( 4% ) * 0.5 ) );margin-right: 4%;\"><div class=\"fusion-column-wrapper fusion-column-has-shadow fusion-flex-column-wrapper-legacy\"><div class=\"fusion-text fusion-text-1\"><h1 style=\"text-align: left;\">Servicios de embarazo<\/h1>\n<p><span class=\"blue\">Ofrecemos servicios m\u00e9dicos gratuitos de bajo costo bajo la gu\u00eda de personal m\u00e9dico experto.<\/span><\/p>\n<\/div><div class=\"fusion-clearfix\"><\/div><\/div><\/div><div class=\"fusion-layout-column fusion_builder_column fusion-builder-column-1 fusion_builder_column_1_2 1_2 fusion-one-half fusion-column-last fusion-no-small-visibility fusion-no-medium-visibility\" style=\"--awb-bg-size:cover;--awb-margin-bottom:0px;width:50%;width:calc(50% - ( ( 4% ) * 0.5 ) );\"><div class=\"fusion-column-wrapper fusion-column-has-shadow fusion-flex-column-wrapper-legacy\"><div class=\"fusion-clearfix\"><\/div><\/div><\/div><\/div><\/div><div class=\"fusion-fullwidth fullwidth-box fusion-builder-row-2 fusion-parallax-none nonhundred-percent-fullwidth non-hundred-percent-height-scrolling fusion-no-small-visibility fusion-no-large-visibility lazyload\" style=\"--awb-background-position:right center;--awb-border-radius-top-left:0px;--awb-border-radius-top-right:0px;--awb-border-radius-bottom-right:0px;--awb-border-radius-bottom-left:0px;--awb-padding-top:120px;--awb-padding-right:3%;--awb-padding-bottom:120px;--awb-padding-left:3%;--awb-margin-top:0px;--awb-margin-bottom:0px;--awb-background-color:#e7e7e7;--awb-background-size:cover;--awb-flex-wrap:wrap;\" data-bg=\"https:\/\/choicesprod.wpengine.com\/wp-content\/uploads\/2020\/02\/pregnancy-services-med_2.jpg\" ><div class=\"fusion-builder-row fusion-row\"><div class=\"fusion-layout-column fusion_builder_column fusion-builder-column-2 fusion_builder_column_1_2 1_2 fusion-one-half fusion-column-first fusion-no-small-visibility fusion-no-large-visibility\" style=\"--awb-bg-size:cover;--awb-margin-bottom:0px;width:50%;width:calc(50% - ( ( 4% ) * 0.5 ) );margin-right: 4%;\"><div class=\"fusion-column-wrapper fusion-column-has-shadow fusion-flex-column-wrapper-legacy\"><div class=\"fusion-text fusion-text-2\"><h1 style=\"text-align: left;\">Servicios de embarazo<\/h1>\n<p><span class=\"blue\">Ofrecemos servicios m\u00e9dicos gratuitos de bajo costo bajo la gu\u00eda de personal m\u00e9dico experto.<\/span><\/p>\n<\/div><div class=\"fusion-clearfix\"><\/div><\/div><\/div><div class=\"fusion-layout-column fusion_builder_column fusion-builder-column-3 fusion_builder_column_1_2 1_2 fusion-one-half fusion-column-last fusion-no-small-visibility fusion-no-large-visibility\" style=\"--awb-bg-size:cover;--awb-margin-bottom:0px;width:50%;width:calc(50% - ( ( 4% ) * 0.5 ) );\"><div class=\"fusion-column-wrapper fusion-column-has-shadow fusion-flex-column-wrapper-legacy\"><div class=\"fusion-clearfix\"><\/div><\/div><\/div><\/div><\/div><div class=\"fusion-fullwidth fullwidth-box fusion-builder-row-3 nonhundred-percent-fullwidth non-hundred-percent-height-scrolling fusion-no-medium-visibility fusion-no-large-visibility\" style=\"--awb-background-position:right center;--awb-border-radius-top-left:0px;--awb-border-radius-top-right:0px;--awb-border-radius-bottom-right:0px;--awb-border-radius-bottom-left:0px;--awb-padding-top:0px;--awb-padding-right:0px;--awb-padding-bottom:0px;--awb-padding-left:0px;--awb-margin-top:0px;--awb-margin-bottom:0px;--awb-background-color:#f7f7f7;--awb-flex-wrap:wrap;\" ><div class=\"fusion-builder-row fusion-row\"><div class=\"fusion-layout-column fusion_builder_column fusion-builder-column-4 fusion_builder_column_1_1 1_1 fusion-one-full fusion-column-first fusion-column-last fusion-no-medium-visibility fusion-no-large-visibility\" style=\"--awb-bg-size:cover;--awb-margin-bottom:0px;\"><div class=\"fusion-column-wrapper fusion-column-has-shadow fusion-flex-column-wrapper-legacy\"><div class=\"fusion-image-element in-legacy-container\" style=\"--awb-caption-title-font-family:var(--h2_typography-font-family);--awb-caption-title-font-weight:var(--h2_typography-font-weight);--awb-caption-title-font-style:var(--h2_typography-font-style);--awb-caption-title-size:var(--h2_typography-font-size);--awb-caption-title-transform:var(--h2_typography-text-transform);--awb-caption-title-line-height:var(--h2_typography-line-height);--awb-caption-title-letter-spacing:var(--h2_typography-letter-spacing);\"><span class=\" fusion-imageframe imageframe-none imageframe-1 hover-type-none\"><img decoding=\"async\" width=\"2000\" height=\"792\" title=\"pregnancy-services-dsk_3\" src=\"https:\/\/choicesaz.com\/wp-content\/uploads\/2020\/02\/pregnancy-services-dsk_3.jpg\" data-orig-src=\"https:\/\/choicesprod.wpengine.com\/wp-content\/uploads\/2020\/02\/pregnancy-services-dsk_3.jpg\" alt class=\"lazyload img-responsive wp-image-398\" srcset=\"data:image\/svg+xml,%3Csvg%20xmlns%3D%27http%3A%2F%2Fwww.w3.org%2F2000%2Fsvg%27%20width%3D%272000%27%20height%3D%27792%27%20viewBox%3D%270%200%202000%20792%27%3E%3Crect%20width%3D%272000%27%20height%3D%27792%27%20fill-opacity%3D%220%22%2F%3E%3C%2Fsvg%3E\" data-srcset=\"https:\/\/choicesaz.com\/wp-content\/uploads\/2020\/02\/pregnancy-services-dsk_3-200x79.jpg 200w, https:\/\/choicesaz.com\/wp-content\/uploads\/2020\/02\/pregnancy-services-dsk_3-400x158.jpg 400w, https:\/\/choicesaz.com\/wp-content\/uploads\/2020\/02\/pregnancy-services-dsk_3-600x238.jpg 600w, https:\/\/choicesaz.com\/wp-content\/uploads\/2020\/02\/pregnancy-services-dsk_3-800x317.jpg 800w, https:\/\/choicesaz.com\/wp-content\/uploads\/2020\/02\/pregnancy-services-dsk_3-1200x475.jpg 1200w, https:\/\/choicesaz.com\/wp-content\/uploads\/2020\/02\/pregnancy-services-dsk_3.jpg 2000w\" data-sizes=\"auto\" data-orig-sizes=\"(max-width: 767px) 100vw, 1200px\" \/><\/span><\/div><div class=\"fusion-clearfix\"><\/div><\/div><\/div><div class=\"fusion-layout-column fusion_builder_column fusion-builder-column-5 fusion_builder_column_1_1 1_1 fusion-one-full fusion-column-first fusion-column-last fusion-no-medium-visibility fusion-no-large-visibility\" style=\"--awb-padding-top:30px;--awb-padding-right:8%;--awb-padding-bottom:30px;--awb-padding-left:8%;--awb-bg-color:#f7f7f7;--awb-bg-color-hover:#f7f7f7;--awb-bg-size:cover;--awb-margin-bottom:0px;\"><div class=\"fusion-column-wrapper fusion-column-has-shadow fusion-flex-column-wrapper-legacy\"><div class=\"fusion-text fusion-text-3\"><h1 style=\"text-align: left;\">Servicios de embarazo<\/h1>\n<p><span class=\"blue\">Ofrecemos servicios m\u00e9dicos gratuitos de bajo costo bajo la gu\u00eda de personal m\u00e9dico experto.<\/span><\/p>\n<\/div><div class=\"fusion-clearfix\"><\/div><\/div><\/div><\/div><\/div><div class=\"fusion-fullwidth fullwidth-box fusion-builder-row-4 nonhundred-percent-fullwidth non-hundred-percent-height-scrolling fusion-no-small-visibility\" style=\"--awb-border-radius-top-left:0px;--awb-border-radius-top-right:0px;--awb-border-radius-bottom-right:0px;--awb-border-radius-bottom-left:0px;--awb-padding-top:0px;--awb-padding-right:3%;--awb-padding-bottom:0px;--awb-padding-left:3%;--awb-margin-top:60px;--awb-margin-bottom:60px;--awb-flex-wrap:wrap;\" ><div class=\"fusion-builder-row fusion-row\"><div class=\"fusion-layout-column fusion_builder_column fusion-builder-column-6 fusion_builder_column_2_3 2_3 fusion-two-third fusion-column-first\" style=\"--awb-bg-size:cover;--awb-margin-bottom:0px;width:66.666666666667%;width:calc(66.666666666667% - ( ( 4% ) * 0.66666666666667 ) );margin-right: 4%;\"><div class=\"fusion-column-wrapper fusion-column-has-shadow fusion-flex-column-wrapper-legacy\"><div class=\"fusion-text fusion-text-4\" style=\"--awb-text-transform:none;\"><h2>Pruebas de embarazo gratuitas<\/h2>\n<p>Nuestras pruebas de embarazo son de calidad medica y pueden detectar si esta embarazada durante los 7-10 d\u00edas posteriores a la concepci\u00f3n, son m\u00e1s precisas que las pruebas de embarazo caseras disponibles en farmacias.<\/p>\n<\/div><div class=\"fusion-text fusion-text-5\" style=\"--awb-text-transform:none;\"><h2>Ultrasonido Gratis<\/h2>\n<p>Si tu prueba de embarazo en Choices es positiva, el siguiente paso puede ser programar una ecograf\u00eda\/Ultra Sonido gratuito con un profesional m\u00e9dico en uno de nuestros centros. Un Ultra Sonido:<\/p>\n<ul>\n<li>Confirma la viabilidad del embarazo<\/li>\n<li>Calcula la edad gestacional de tu beb\u00e9<\/li>\n<li>Confirma que tu embarazo se encuentra dentro del \u00fatero (si no representa un riesgo inmediato para su salud)<\/li>\n<\/ul>\n<\/div><a class=\"fusion-modal-text-link\" href=\"#\"><img decoding=\"async\" class=\"lazyload style-svg_2\" style=\"text-align: left; width: 95%; height: auto; margin: 0 auto;\" src=\"data:image\/gif;base64,R0lGODlhAQABAAAAACH5BAEKAAEALAAAAAABAAEAAAICTAEAOw==\" data-orig-src=\"\/wp-content\/uploads\/2022\/06\/infographic-spanish.svg\" \/><\/a><div class=\"fusion-sep-clear\"><\/div><div class=\"fusion-separator fusion-full-width-sep\" style=\"margin-left: auto;margin-right: auto;margin-top:15px;width:100%;\"><\/div><div class=\"fusion-sep-clear\"><\/div><div class=\"fusion-text fusion-text-6\" style=\"--awb-text-transform:none;\"><h2>Consultas gratuitas sobre las diferentes opciones para su embarazo<\/h2>\n<p>Nadie deber\u00eda verse obligado a tomar una decisi\u00f3n r\u00e1pida, especialmente una que afecte su cuerpo y mente. <strong>La red de atenci\u00f3n de Choices puede capacitarle para ser un padre con \u00e9xito y ayudarle con los servicios de adopci\u00f3n.<\/strong> Su defensor de Choices le escuchar\u00e1 y le ayudar\u00e1 a descubrir la informaci\u00f3n y los hechos que le capacitar\u00e1n para tomar una decisi\u00f3n informada. Est\u00e1n aqu\u00ed para usted a lo largo de su viaje.<\/p>\n<\/div><div class=\"fusion-text fusion-text-7\" style=\"--awb-text-transform:none;\"><h2>Cuidado prenatal para usted<\/h2>\n<p>Si est\u00e1 embarazada, es importante que comience a cuidar de tu cuerpo mientras considera sus opciones. Ofrecemos vitaminas prenatales para ayudar a su cuerpo a obtener los nutrientes necesarios, independientemente de la ruta que tome con tu embarazo. Tambi\u00e9n podemos referirla a un m\u00e9dico obstetra para recibir atenci\u00f3n prenatal especializada.<\/p>\n<\/div><div class=\"fusion-text fusion-text-8\" style=\"--awb-text-transform:none;\"><h2>Red de atenci\u00f3n de Choices<\/h2>\n<p>Hay una variedad de organizaciones en la comunidad que apoyan a mujeres y hombres que atraviesan por su situaci\u00f3n. Seg\u00fan sus necesidades, reuniremos a un grupo que puede acompa\u00f1arle de manera confidencial, no est\u00e1s solo\/a. Nuestras referencias incluyen seguro de salud, servicios de adopci\u00f3n, vivienda, alimentos, asistencia financiera, clases para padres y mucho m\u00e1s. Incluso tendr\u00e1 acceso a nuestra &#8220;Choices Baby Boutique&#8221; una tienda de art\u00edculos para beb\u00e9, donde puedes recibir suministros, como pa\u00f1ales, ropa, etc.<\/p>\n<\/div><div class=\"fusion-clearfix\"><\/div><\/div><\/div><div class=\"fusion-layout-column fusion_builder_column fusion-builder-column-7 fusion_builder_column_1_3 1_3 fusion-one-third fusion-column-last\" style=\"--awb-padding-top:3px;--awb-padding-right:20px;--awb-padding-bottom:20px;--awb-padding-left:20px;--awb-overflow:hidden;--awb-bg-color:#f7f7f7;--awb-bg-color-hover:#f7f7f7;--awb-bg-size:cover;--awb-border-radius:10px 10px 10px 10px;--awb-margin-top:15px;--awb-margin-bottom:0px;width:33.333333333333%;width:calc(33.333333333333% - ( ( 4% ) * 0.33333333333333 ) );\"><div class=\"fusion-column-wrapper fusion-column-has-shadow fusion-flex-column-wrapper-legacy\"><div class=\"fusion-sep-clear\"><\/div><div class=\"fusion-separator fusion-full-width-sep\" style=\"margin-left: auto;margin-right: auto;margin-top:5px;width:100%;\"><\/div><div class=\"fusion-sep-clear\"><\/div><div class=\"fusion-text fusion-text-9\"><h3 class=\"fusion-responsive-typography-calculated\" style=\"text-align: center;\" data-fontsize=\"20\" data-lineheight=\"24px\">Para programar una\u00a0prueba de embarazo<\/h3>\n<\/div><div class=\"fusion-sep-clear\"><\/div><div class=\"fusion-separator fusion-full-width-sep\" style=\"margin-left: auto;margin-right: auto;margin-top:10px;width:100%;\"><\/div><div class=\"fusion-sep-clear\"><\/div><div class=\"fusion-align-block\"><a class=\"fusion-button button-flat button-xlarge button-default fusion-button-default button-1 fusion-button-span-yes fusion-button-default-type\" target=\"_self\" href=\"\/es\/locations-functionality\"><i class=\"fa-heart fas awb-button__icon awb-button__icon--default button-icon-left\" aria-hidden=\"true\"><\/i><span class=\"fusion-button-text awb-button__text awb-button__text--default\">RESERVE AHORA<\/span><\/a><\/div><div class=\"fusion-text fusion-text-10\"><h3 class=\"fusion-responsive-typography-calculated\" style=\"text-align: center;\" data-fontsize=\"20\" data-lineheight=\"24px\">Contacta con nosotros<\/h3>\n<\/div><div class=\"fusion-align-block\"><a class=\"fusion-button button-flat button-xlarge button-default fusion-button-default button-2 fusion-button-span-yes fusion-button-default-type\" target=\"_self\" href=\"\/es\/locations-functionality\"><i class=\"fa-heart fas awb-button__icon awb-button__icon--default button-icon-left\" aria-hidden=\"true\"><\/i><span class=\"fusion-button-text awb-button__text awb-button__text--default\">RESERVE AHORA<\/span><\/a><\/div><div class=\"fusion-clearfix\"><\/div><\/div><\/div>\n<\/div><\/div><div class=\"fusion-fullwidth fullwidth-box fusion-builder-row-5 nonhundred-percent-fullwidth non-hundred-percent-height-scrolling fusion-no-medium-visibility fusion-no-large-visibility\" style=\"--awb-border-radius-top-left:0px;--awb-border-radius-top-right:0px;--awb-border-radius-bottom-right:0px;--awb-border-radius-bottom-left:0px;--awb-padding-top:0px;--awb-padding-right:8%;--awb-padding-bottom:0px;--awb-padding-left:8%;--awb-margin-top:20px;--awb-margin-bottom:60px;--awb-flex-wrap:wrap;\" ><div class=\"fusion-builder-row fusion-row\"><div class=\"fusion-layout-column fusion_builder_column fusion-builder-column-8 fusion_builder_column_2_3 2_3 fusion-two-third fusion-column-first fusion-no-medium-visibility fusion-no-large-visibility\" style=\"--awb-bg-size:cover;--awb-margin-bottom:0px;width:66.666666666667%;width:calc(66.666666666667% - ( ( 4% ) * 0.66666666666667 ) );margin-right: 4%;\"><div class=\"fusion-column-wrapper fusion-column-has-shadow fusion-flex-column-wrapper-legacy\"><div class=\"fusion-text fusion-text-11\" style=\"--awb-text-transform:none;\"><h2>Pruebas de embarazo gratuitas<\/h2>\n<p>Nuestras pruebas de embarazo son de calidad medica y pueden detectar si esta embarazada durante los 7-10 d\u00edas posteriores a la concepci\u00f3n, son m\u00e1s precisas que las pruebas de embarazo caseras disponibles en farmacias.<\/p>\n<\/div><div class=\"fusion-sep-clear\"><\/div><div class=\"fusion-separator fusion-full-width-sep\" style=\"margin-left: auto;margin-right: auto;margin-top:10px;width:100%;\"><\/div><div class=\"fusion-sep-clear\"><\/div><div class=\"fusion-align-block\"><a class=\"fusion-button button-flat fusion-button-default-size button-default fusion-button-default button-3 fusion-button-span-yes fusion-button-default-type\" target=\"_self\" href=\"\/locations-functionality\"><i class=\"fa-heart fas awb-button__icon awb-button__icon--default button-icon-left\" aria-hidden=\"true\"><\/i><span class=\"fusion-button-text awb-button__text awb-button__text--default\">Haga una cita<\/span><\/a><\/div><div class=\"fusion-sep-clear\"><\/div><div class=\"fusion-separator fusion-full-width-sep\" style=\"margin-left: auto;margin-right: auto;margin-top:0px;margin-bottom:35px;width:100%;\"><\/div><div class=\"fusion-sep-clear\"><\/div><div class=\"fusion-text fusion-text-12\" style=\"--awb-text-transform:none;\"><h2>Ultrasonido Gratis<\/h2>\n<p>Si tu prueba de embarazo en Choices es positiva, el siguiente paso puede ser programar una ecograf\u00eda\/Ultra Sonido gratuito con un profesional m\u00e9dico en uno de nuestros centros. Un Ultra Sonido:<\/p>\n<ul>\n<li>Confirma la viabilidad del embarazo<\/li>\n<li>Calcula la edad gestacional de tu beb\u00e9<\/li>\n<li>Confirma que tu embarazo se encuentra dentro del \u00fatero (si no representa un riesgo inmediato para su salud)<\/li>\n<\/ul>\n<\/div><a class=\"fusion-modal-text-link\" href=\"#\"><img decoding=\"async\" class=\"lazyload style-svg_2\" style=\"text-align: left; width: 100%; height: auto; margin: 0 auto;\" src=\"data:image\/gif;base64,R0lGODlhAQABAAAAACH5BAEKAAEALAAAAAABAAEAAAICTAEAOw==\" data-orig-src=\"\/wp-content\/uploads\/2022\/06\/infographic-spanish-mob.svg\" \/><\/a><div class=\"fusion-sep-clear\"><\/div><div class=\"fusion-separator fusion-full-width-sep\" style=\"margin-left: auto;margin-right: auto;margin-top:15px;width:100%;\"><\/div><div class=\"fusion-sep-clear\"><\/div><div class=\"fusion-text fusion-text-13\" style=\"--awb-text-transform:none;\"><h2>Consultas gratuitas sobre las diferentes opciones para su embarazo<\/h2>\n<p>Nadie deber\u00eda verse obligado a tomar una decisi\u00f3n r\u00e1pida, especialmente una que afecte su cuerpo y mente. <strong>La red de atenci\u00f3n de Choices puede capacitarle para ser un padre con \u00e9xito y ayudarle con los servicios de adopci\u00f3n.<\/strong> Su defensor de Choices le escuchar\u00e1 y le ayudar\u00e1 a descubrir la informaci\u00f3n y los hechos que le capacitar\u00e1n para tomar una decisi\u00f3n informada. Est\u00e1n aqu\u00ed para usted a lo largo de su viaje.<\/p>\n<\/div><div class=\"fusion-text fusion-text-14\" style=\"--awb-text-transform:none;\"><h2>Cuidado prenatal para usted<\/h2>\n<p>Si est\u00e1 embarazada, es importante que comience a cuidar de tu cuerpo mientras considera sus opciones. Ofrecemos vitaminas prenatales para ayudar a su cuerpo a obtener los nutrientes necesarios, independientemente de la ruta que tome con tu embarazo. Tambi\u00e9n podemos referirla a un m\u00e9dico obstetra para recibir atenci\u00f3n prenatal especializada.<\/p>\n<\/div><div class=\"fusion-text fusion-text-15\" style=\"--awb-text-transform:none;\"><h2>Red de atenci\u00f3n de Choices<\/h2>\n<p>Hay una variedad de organizaciones en la comunidad que apoyan a mujeres y hombres que atraviesan por su situaci\u00f3n. Seg\u00fan sus necesidades, reuniremos a un grupo que puede acompa\u00f1arle de manera confidencial, no est\u00e1s solo\/a. Nuestras referencias incluyen seguro de salud, servicios de adopci\u00f3n, vivienda, alimentos, asistencia financiera, clases para padres y mucho m\u00e1s. Incluso tendr\u00e1 acceso a nuestra &#8220;Choices Baby Boutique&#8221; una tienda de art\u00edculos para beb\u00e9, donde puedes recibir suministros, como pa\u00f1ales, ropa, etc.<\/p>\n<\/div><div class=\"fusion-clearfix\"><\/div><\/div><\/div><div class=\"fusion-layout-column fusion_builder_column fusion-builder-column-9 fusion_builder_column_1_3 1_3 fusion-one-third fusion-column-last\" style=\"--awb-padding-top:3px;--awb-padding-right:20px;--awb-padding-bottom:20px;--awb-padding-left:20px;--awb-overflow:hidden;--awb-bg-color:#f7f7f7;--awb-bg-color-hover:#f7f7f7;--awb-bg-size:cover;--awb-border-radius:10px 10px 10px 10px;--awb-margin-top:15px;--awb-margin-bottom:0px;width:33.333333333333%;width:calc(33.333333333333% - ( ( 4% ) * 0.33333333333333 ) );\"><div class=\"fusion-column-wrapper fusion-column-has-shadow fusion-flex-column-wrapper-legacy\"><div class=\"fusion-sep-clear\"><\/div><div class=\"fusion-separator fusion-full-width-sep\" style=\"margin-left: auto;margin-right: auto;margin-top:5px;width:100%;\"><\/div><div class=\"fusion-sep-clear\"><\/div><div class=\"fusion-text fusion-text-16\"><h3 class=\"fusion-responsive-typography-calculated\" style=\"text-align: center;\" data-fontsize=\"20\" data-lineheight=\"24px\">Para programar una\u00a0prueba de embarazo<\/h3>\n<\/div><div class=\"fusion-sep-clear\"><\/div><div class=\"fusion-separator fusion-full-width-sep\" style=\"margin-left: auto;margin-right: auto;margin-top:10px;width:100%;\"><\/div><div class=\"fusion-sep-clear\"><\/div><div class=\"fusion-align-block\"><a class=\"fusion-button button-flat button-xlarge button-default fusion-button-default button-4 fusion-button-span-yes fusion-button-default-type\" target=\"_self\" href=\"\/es\/locations-functionality\"><i class=\"fa-heart fas awb-button__icon awb-button__icon--default button-icon-left\" aria-hidden=\"true\"><\/i><span class=\"fusion-button-text awb-button__text awb-button__text--default\">RESERVE AHORA<\/span><\/a><\/div><div class=\"fusion-text fusion-text-17\"><h3 class=\"fusion-responsive-typography-calculated\" style=\"text-align: center;\" data-fontsize=\"20\" data-lineheight=\"24px\">Contacta con nosotros<\/h3>\n<\/div><div class=\"fusion-align-block\"><a class=\"fusion-button button-flat button-xlarge button-default fusion-button-default button-5 fusion-button-span-yes fusion-button-default-type\" target=\"_self\" href=\"\/es\/locations-functionality\"><i class=\"fa-heart fas awb-button__icon awb-button__icon--default button-icon-left\" aria-hidden=\"true\"><\/i><span class=\"fusion-button-text awb-button__text awb-button__text--default\">RESERVE AHORA<\/span><\/a><\/div><div class=\"fusion-clearfix\"><\/div><\/div><\/div>\n<\/div><\/div><\/p>\n","protected":false},"excerpt":{"rendered":"","protected":false},"author":2,"featured_media":0,"parent":441,"menu_order":0,"comment_status":"closed","ping_status":"closed","template":"100-width.php","meta":{"_locale":"es_MX","_original_post":"30","footnotes":""},"class_list":["post-443","page","type-page","status-publish","hentry","es-MX"],"aioseo_notices":[],"_links":{"self":[{"href":"https:\/\/choicesaz.com\/wp-json\/wp\/v2\/pages\/443","targetHints":{"allow":["GET"]}}],"collection":[{"href":"https:\/\/choicesaz.com\/wp-json\/wp\/v2\/pages"}],"about":[{"href":"https:\/\/choicesaz.com\/wp-json\/wp\/v2\/types\/page"}],"author":[{"embeddable":true,"href":"https:\/\/choicesaz.com\/wp-json\/wp\/v2\/users\/2"}],"replies":[{"embeddable":true,"href":"https:\/\/choicesaz.com\/wp-json\/wp\/v2\/comments?post=443"}],"version-history":[{"count":0,"href":"https:\/\/choicesaz.com\/wp-json\/wp\/v2\/pages\/443\/revisions"}],"up":[{"embeddable":true,"href":"https:\/\/choicesaz.com\/wp-json\/wp\/v2\/pages\/441"}],"wp:attachment":[{"href":"https:\/\/choicesaz.com\/wp-json\/wp\/v2\/media?parent=443"}],"curies":[{"name":"wp","href":"https:\/\/api.w.org\/{rel}","templated":true}]}}