{"id":457,"date":"2020-02-06T22:40:17","date_gmt":"2020-02-06T22:40:17","guid":{"rendered":"https:\/\/choicesprod.wpengine.com\/?page_id=457"},"modified":"2024-02-05T17:09:03","modified_gmt":"2024-02-06T00:09:03","slug":"appointment","status":"publish","type":"page","link":"https:\/\/choicesaz.com\/es\/appointment\/","title":{"rendered":"Appointment"},"content":{"rendered":"<p><div class=\"fusion-fullwidth fullwidth-box fusion-builder-row-1 fusion-parallax-none nonhundred-percent-fullwidth non-hundred-percent-height-scrolling fusion-no-small-visibility fusion-no-medium-visibility lazyload\" style=\"--awb-background-position:right top;--awb-border-radius-top-left:0px;--awb-border-radius-top-right:0px;--awb-border-radius-bottom-right:0px;--awb-border-radius-bottom-left:0px;--awb-padding-top:100px;--awb-padding-right:3%;--awb-padding-bottom:100px;--awb-padding-left:3%;--awb-margin-top:0px;--awb-margin-bottom:0px;--awb-background-color:#f7f7f7;--awb-background-size:cover;--awb-flex-wrap:wrap;\" data-bg=\"https:\/\/choicesprod.wpengine.com\/wp-content\/uploads\/2020\/02\/appointment-dsk_3.jpg\" ><div class=\"fusion-builder-row fusion-row\"><div class=\"fusion-layout-column fusion_builder_column fusion-builder-column-0 fusion_builder_column_1_2 1_2 fusion-one-half fusion-column-first fusion-no-small-visibility fusion-no-medium-visibility\" style=\"--awb-bg-size:cover;width:50%;width:calc(50% - ( ( 4% ) * 0.5 ) );margin-right: 4%;\"><div class=\"fusion-column-wrapper fusion-column-has-shadow fusion-flex-column-wrapper-legacy\"><div class=\"fusion-text fusion-text-1\"><h1 class=\"white\">Es Sencillo. F\u00e1cil. Confidencial.<\/h1>\n<p><span class=\"white\">En Choices, brindamos un entorno solidario para que haga preguntas, discuta opciones y obtenga acceso a servicios gratuitos y\/o a bajo costo de personas que se enfocan en sus necesidades.<\/span><\/p>\n<p><span class=\"white\"><strong>Por favor llegue 10 minutos antes a su cita.<\/strong> Si su prueba de embarazo es positiva, dependiendo de la disponibilidad*, se le puede programar en la cl\u00ednica para una cita de ultrasonido con un profesional m\u00e9dico. Si no ve una fecha y hora que le convenga, llame a la cl\u00ednica m\u00e1s cercana para conocer la posible disponibilidad.<\/span><\/p>\n<p><span class=\"white\"><em>*No siempre garantizamos una cita para la prueba de embarazo y el ultrasonido el mismo d\u00eda.<\/em><\/span><\/p>\n<\/div><div class=\"fusion-clearfix\"><\/div><\/div><\/div><div class=\"fusion-layout-column fusion_builder_column fusion-builder-column-1 fusion_builder_column_1_2 1_2 fusion-one-half fusion-column-last fusion-no-small-visibility fusion-no-medium-visibility\" style=\"--awb-bg-size:cover;width:50%;width:calc(50% - ( ( 4% ) * 0.5 ) );\"><div class=\"fusion-column-wrapper fusion-column-has-shadow fusion-flex-column-wrapper-legacy\"><div class=\"fusion-clearfix\"><\/div><\/div><\/div><\/div><\/div><div class=\"fusion-fullwidth fullwidth-box fusion-builder-row-2 fusion-parallax-none nonhundred-percent-fullwidth non-hundred-percent-height-scrolling fusion-no-small-visibility fusion-no-large-visibility lazyload\" style=\"--awb-background-position:right top;--awb-border-radius-top-left:0px;--awb-border-radius-top-right:0px;--awb-border-radius-bottom-right:0px;--awb-border-radius-bottom-left:0px;--awb-padding-top:60px;--awb-padding-right:3%;--awb-padding-bottom:60px;--awb-padding-left:3%;--awb-margin-top:0px;--awb-margin-bottom:0px;--awb-background-color:#f7f7f7;--awb-background-size:cover;--awb-flex-wrap:wrap;\" data-bg=\"https:\/\/choicesprod.wpengine.com\/wp-content\/uploads\/2020\/02\/appointment-med_2.jpg\" ><div class=\"fusion-builder-row fusion-row\"><div class=\"fusion-layout-column fusion_builder_column fusion-builder-column-2 fusion_builder_column_1_2 1_2 fusion-one-half fusion-column-first fusion-no-small-visibility fusion-no-large-visibility\" style=\"--awb-bg-size:cover;width:50%;width:calc(50% - ( ( 4% ) * 0.5 ) );margin-right: 4%;\"><div class=\"fusion-column-wrapper fusion-column-has-shadow fusion-flex-column-wrapper-legacy\"><div class=\"fusion-text fusion-text-2\"><h1 class=\"white\">Es Sencillo. F\u00e1cil. Confidencial.<\/h1>\n<p><span class=\"white\">En Choices, brindamos un entorno solidario para que haga preguntas, discuta opciones y obtenga acceso a servicios gratuitos y\/o a bajo costo de personas que se enfocan en sus necesidades.<\/span><\/p>\n<p><span class=\"white\"><strong>Por favor llegue 10 minutos antes a su cita.<\/strong> Si su prueba de embarazo es positiva, dependiendo de la disponibilidad*, se le puede programar en la cl\u00ednica para una cita de ultrasonido con un profesional m\u00e9dico. Si no ve una fecha y hora que le convenga, llame a la cl\u00ednica m\u00e1s cercana para conocer la posible disponibilidad.<\/span><\/p>\n<p><span class=\"white\"><em>*No siempre garantizamos una cita para la prueba de embarazo y el ultrasonido el mismo d\u00eda.<\/em><\/span><\/p>\n<\/div><div class=\"fusion-clearfix\"><\/div><\/div><\/div><div class=\"fusion-layout-column fusion_builder_column fusion-builder-column-3 fusion_builder_column_1_2 1_2 fusion-one-half fusion-column-last fusion-no-small-visibility fusion-no-large-visibility\" style=\"--awb-bg-size:cover;width:50%;width:calc(50% - ( ( 4% ) * 0.5 ) );\"><div class=\"fusion-column-wrapper fusion-column-has-shadow fusion-flex-column-wrapper-legacy\"><div class=\"fusion-clearfix\"><\/div><\/div><\/div><\/div><\/div><div class=\"fusion-fullwidth fullwidth-box fusion-builder-row-3 nonhundred-percent-fullwidth non-hundred-percent-height-scrolling fusion-no-medium-visibility fusion-no-large-visibility\" style=\"--awb-background-position:right center;--awb-border-radius-top-left:0px;--awb-border-radius-top-right:0px;--awb-border-radius-bottom-right:0px;--awb-border-radius-bottom-left:0px;--awb-padding-top:0px;--awb-padding-right:0px;--awb-padding-bottom:0px;--awb-padding-left:0px;--awb-margin-top:0px;--awb-margin-bottom:0px;--awb-background-color:#f7f7f7;--awb-flex-wrap:wrap;\" ><div class=\"fusion-builder-row fusion-row\"><div class=\"fusion-layout-column fusion_builder_column fusion-builder-column-4 fusion_builder_column_1_1 1_1 fusion-one-full fusion-column-first fusion-column-last fusion-no-medium-visibility fusion-no-large-visibility\" style=\"--awb-bg-size:cover;\"><div class=\"fusion-column-wrapper fusion-column-has-shadow fusion-flex-column-wrapper-legacy\"><div class=\"fusion-image-element in-legacy-container\" style=\"--awb-caption-title-font-family:var(--h2_typography-font-family);--awb-caption-title-font-weight:var(--h2_typography-font-weight);--awb-caption-title-font-style:var(--h2_typography-font-style);--awb-caption-title-size:var(--h2_typography-font-size);--awb-caption-title-transform:var(--h2_typography-text-transform);--awb-caption-title-line-height:var(--h2_typography-line-height);--awb-caption-title-letter-spacing:var(--h2_typography-letter-spacing);\"><span class=\" fusion-imageframe imageframe-none imageframe-1 hover-type-none\"><img decoding=\"async\" width=\"2000\" height=\"792\" title=\"appointment-dsk_3\" src=\"https:\/\/choicesaz.com\/wp-content\/uploads\/2020\/02\/appointment-dsk_3.jpg\" data-orig-src=\"https:\/\/choicesprod.wpengine.com\/wp-content\/uploads\/2020\/02\/appointment-dsk_3.jpg\" alt class=\"lazyload img-responsive wp-image-404\" srcset=\"data:image\/svg+xml,%3Csvg%20xmlns%3D%27http%3A%2F%2Fwww.w3.org%2F2000%2Fsvg%27%20width%3D%272000%27%20height%3D%27792%27%20viewBox%3D%270%200%202000%20792%27%3E%3Crect%20width%3D%272000%27%20height%3D%27792%27%20fill-opacity%3D%220%22%2F%3E%3C%2Fsvg%3E\" data-srcset=\"https:\/\/choicesaz.com\/wp-content\/uploads\/2020\/02\/appointment-dsk_3-200x79.jpg 200w, https:\/\/choicesaz.com\/wp-content\/uploads\/2020\/02\/appointment-dsk_3-400x158.jpg 400w, https:\/\/choicesaz.com\/wp-content\/uploads\/2020\/02\/appointment-dsk_3-600x238.jpg 600w, https:\/\/choicesaz.com\/wp-content\/uploads\/2020\/02\/appointment-dsk_3-800x317.jpg 800w, https:\/\/choicesaz.com\/wp-content\/uploads\/2020\/02\/appointment-dsk_3-1200x475.jpg 1200w, https:\/\/choicesaz.com\/wp-content\/uploads\/2020\/02\/appointment-dsk_3.jpg 2000w\" data-sizes=\"auto\" data-orig-sizes=\"(max-width: 767px) 100vw, 1200px\" \/><\/span><\/div><div class=\"fusion-clearfix\"><\/div><\/div><\/div><div class=\"fusion-layout-column fusion_builder_column fusion-builder-column-5 fusion_builder_column_1_1 1_1 fusion-one-full fusion-column-first fusion-column-last fusion-no-medium-visibility fusion-no-large-visibility\" style=\"--awb-padding-top:20px;--awb-padding-right:8%;--awb-padding-bottom:30px;--awb-padding-left:8%;--awb-bg-size:cover;--awb-margin-bottom:0px;\"><div class=\"fusion-column-wrapper fusion-column-has-shadow fusion-flex-column-wrapper-legacy\"><div class=\"fusion-text fusion-text-3\" style=\"--awb-text-color:#333333;\"><h1 class=\"blue\">Es Sencillo. F\u00e1cil. Confidencial.<\/h1>\n<p>En Choices, brindamos un entorno solidario para que haga preguntas, discuta opciones y obtenga acceso a servicios gratuitos y\/o a bajo costo de personas que se enfocan en sus necesidades.<\/p>\n<p>Por favor llegue 10 minutos antes a su cita. Si su prueba de embarazo es positiva, dependiendo de la disponibilidad*, se le puede programar en la cl\u00ednica para una cita de ultrasonido con un profesional m\u00e9dico. Si no ve una fecha y hora que le convenga, llame a la cl\u00ednica m\u00e1s cercana para conocer la posible disponibilidad.<\/p>\n<p><em>*No siempre garantizamos una cita para la prueba de embarazo y el ultrasonido el mismo d\u00eda.<\/em><\/p>\n<\/div><div class=\"fusion-clearfix\"><\/div><\/div><\/div><\/div><\/div><div class=\"fusion-fullwidth fullwidth-box fusion-builder-row-4 nonhundred-percent-fullwidth non-hundred-percent-height-scrolling fusion-no-small-visibility\" style=\"--awb-border-radius-top-left:0px;--awb-border-radius-top-right:0px;--awb-border-radius-bottom-right:0px;--awb-border-radius-bottom-left:0px;--awb-padding-top:60px;--awb-padding-right:3%;--awb-padding-bottom:60px;--awb-padding-left:3%;--awb-margin-top:0px;--awb-margin-bottom:0px;--awb-background-color:#ffffff;--awb-flex-wrap:wrap;\" ><div class=\"fusion-builder-row fusion-row\"><div class=\"fusion-layout-column fusion_builder_column fusion-builder-column-6 fusion_builder_column_1_1 1_1 fusion-one-full fusion-column-first fusion-column-last\" style=\"--awb-bg-size:cover;\"><div class=\"fusion-column-wrapper fusion-column-has-shadow fusion-flex-column-wrapper-legacy\"><div class=\"fusion-column-content-centered\"><div class=\"fusion-column-content\"><a class=\"fusion-modal-text-link\" href=\"#\"><img decoding=\"async\" class=\"lazyload style-svg_2\" style=\"text-align: center; width: 75%; height: auto; margin: 0 auto;\" src=\"data:image\/gif;base64,R0lGODlhAQABAAAAACH5BAEKAAEALAAAAAABAAEAAAICTAEAOw==\" data-orig-src=\"\/wp-content\/uploads\/2022\/06\/infographic-spanish.svg\" \/><\/a><div class=\"fusion-sep-clear\"><\/div><div class=\"fusion-separator fusion-full-width-sep\" style=\"margin-left: auto;margin-right: auto;margin-top:25px;width:100%;\"><\/div><div class=\"fusion-sep-clear\"><\/div><\/div><\/div><div class=\"fusion-clearfix\"><\/div><\/div><\/div><div class=\"fusion-layout-column fusion_builder_column fusion-builder-column-7 fusion_builder_column_1_1 1_1 fusion-one-full fusion-column-first fusion-column-last fusion-no-small-visibility\" style=\"--awb-bg-size:cover;\"><div class=\"fusion-column-wrapper fusion-column-has-shadow fusion-flex-column-wrapper-legacy\"><div class=\"fusion-text fusion-text-4\" style=\"--awb-text-transform:none;\"><h3 style=\"text-align: center;\">Tenemos tres sedes en todo el Valle. Por favor, llame a <a href=\"\/es\/locations-functionality\/\">la cl\u00ednica m\u00e1s cercana<\/a> a usted para programar una cita hoy.<\/h3>\n<\/div><div class=\"fusion-clearfix\"><\/div><\/div><\/div><\/div><\/div><div class=\"fusion-fullwidth fullwidth-box fusion-builder-row-5 nonhundred-percent-fullwidth non-hundred-percent-height-scrolling fusion-no-medium-visibility fusion-no-large-visibility\" style=\"--awb-border-radius-top-left:0px;--awb-border-radius-top-right:0px;--awb-border-radius-bottom-right:0px;--awb-border-radius-bottom-left:0px;--awb-padding-top:60px;--awb-padding-right:8%;--awb-padding-bottom:60px;--awb-padding-left:8%;--awb-margin-top:0px;--awb-margin-bottom:0px;--awb-background-color:#ffffff;--awb-flex-wrap:wrap;\" ><div class=\"fusion-builder-row fusion-row\"><div class=\"fusion-layout-column fusion_builder_column fusion-builder-column-8 fusion_builder_column_1_1 1_1 fusion-one-full fusion-column-first fusion-column-last\" style=\"--awb-bg-size:cover;\"><div class=\"fusion-column-wrapper fusion-column-has-shadow fusion-flex-column-wrapper-legacy\"><div class=\"fusion-text fusion-text-5\" style=\"--awb-text-transform:none;\"><p style=\"text-align: center;\">Tenemos tres sedes en todo el Valle. Por favor, llame a la cl\u00ednica m\u00e1s cercana a usted para programar una cita hoy.<\/p>\n<\/div><a class=\"fusion-modal-text-link\" href=\"#\"><img decoding=\"async\" class=\"lazyload style-svg_2\" style=\"text-align: left; width: 100%; height: auto; margin: 0 auto;\" src=\"data:image\/gif;base64,R0lGODlhAQABAAAAACH5BAEKAAEALAAAAAABAAEAAAICTAEAOw==\" data-orig-src=\"\/wp-content\/uploads\/2022\/06\/infographic-spanish-mob.svg\" \/><\/a><div class=\"fusion-sep-clear\"><\/div><div class=\"fusion-separator fusion-full-width-sep\" style=\"margin-left: auto;margin-right: auto;margin-top:25px;width:100%;\"><\/div><div class=\"fusion-sep-clear\"><\/div><div class=\"fusion-clearfix\"><\/div><\/div><\/div><\/div><\/div><div class=\"fusion-fullwidth fullwidth-box fusion-builder-row-6 fusion-flex-container nonhundred-percent-fullwidth non-hundred-percent-height-scrolling\" style=\"--awb-border-radius-top-left:0px;--awb-border-radius-top-right:0px;--awb-border-radius-bottom-right:0px;--awb-border-radius-bottom-left:0px;--awb-padding-top:55px;--awb-padding-bottom:43px;--awb-background-color:var(--awb-color2);--awb-flex-wrap:wrap;\" ><div class=\"fusion-builder-row fusion-row fusion-flex-align-items-flex-start fusion-flex-content-wrap\" style=\"max-width:1144px;margin-left: calc(-4% \/ 2 );margin-right: calc(-4% \/ 2 );\"><div class=\"fusion-layout-column fusion_builder_column fusion-builder-column-9 fusion_builder_column_1_4 1_4 fusion-flex-column\" style=\"--awb-overflow:hidden;--awb-bg-color:#ffffff;--awb-bg-color-hover:#ffffff;--awb-bg-size:cover;--awb-border-radius:12px 12px 12px 12px;--awb-width-large:25%;--awb-margin-top-large:0px;--awb-spacing-right-large:7.68%;--awb-margin-bottom-large:20px;--awb-spacing-left-large:7.68%;--awb-width-medium:100%;--awb-order-medium:0;--awb-spacing-right-medium:1.92%;--awb-spacing-left-medium:1.92%;--awb-width-small:100%;--awb-order-small:0;--awb-spacing-right-small:1.92%;--awb-spacing-left-small:1.92%;\"><div class=\"fusion-column-wrapper fusion-column-has-shadow fusion-flex-justify-content-flex-start fusion-content-layout-column\"><div class=\"fusion-text fusion-text-6\" style=\"--awb-margin-top:20px;\"><h3 style=\"text-align: center;\">Glendale<\/h3>\n<\/div><div class=\"fusion-text fusion-text-7\"><p style=\"text-align: center;\">Al servicio del valle del Noroeste.<\/p>\n<\/div><div class=\"fusion-text fusion-text-8\"><p style=\"text-align: center;\"><a href=\"https:\/\/goo.gl\/maps\/LxHbRZrkiRiEG7nL7\" target=\"_blank\" rel=\"noopener noreferrer\">10555 N. 58th Drive<br \/>\nGlendale, AZ \u00a085302<\/a><\/p>\n<\/div><div style=\"text-align:center;\"><a class=\"fusion-button button-flat fusion-button-default-size button-default fusion-button-default button-1 fusion-button-default-span fusion-button-default-type\" target=\"_self\" href=\"tel: 623-486-5232\"><span class=\"fusion-button-text awb-button__text awb-button__text--default\">Llame al 623-486-5232<\/span><\/a><\/div><div class=\"fusion-separator\" style=\"align-self: center;margin-left: auto;margin-right: auto;margin-top:15px;margin-bottom:15px;width:100%;max-width:200px;\"><div class=\"fusion-separator-border sep-single sep-solid\" style=\"--awb-height:20px;--awb-amount:20px;border-color:#e0dede;border-top-width:2px;\"><\/div><\/div><div class=\"fusion-text fusion-text-9 fusion-text-no-margin\" style=\"--awb-margin-bottom:20px;\"><div style=\"text-align: center;\">Lunes: \u00a09 am \u2013 5 pm<\/div>\n<div style=\"text-align: center;\">Martes: \u00a09 am \u2013 7 pm<\/div>\n<div style=\"text-align: center;\">Mi\u00e9rcoles: \u00a09 am \u2013 5 pm<\/div>\n<div style=\"text-align: center;\">Jueves: \u00a09 am \u2013 7 pm<\/div>\n<div style=\"text-align: center;\">Viernes: \u00a09 am \u2013 5 pm<\/div>\n<div style=\"text-align: center;\">S\u00e1bado: \u00a09 am \u2013 1 pm<\/div>\n<\/div><\/div><\/div><div class=\"fusion-layout-column fusion_builder_column fusion-builder-column-10 fusion_builder_column_1_4 1_4 fusion-flex-column\" style=\"--awb-overflow:hidden;--awb-bg-color:#ffffff;--awb-bg-color-hover:#ffffff;--awb-bg-size:cover;--awb-border-radius:12px 12px 12px 12px;--awb-width-large:25%;--awb-margin-top-large:0px;--awb-spacing-right-large:7.68%;--awb-margin-bottom-large:20px;--awb-spacing-left-large:7.68%;--awb-width-medium:100%;--awb-order-medium:0;--awb-spacing-right-medium:1.92%;--awb-spacing-left-medium:1.92%;--awb-width-small:100%;--awb-order-small:0;--awb-spacing-right-small:1.92%;--awb-spacing-left-small:1.92%;\"><div class=\"fusion-column-wrapper fusion-column-has-shadow fusion-flex-justify-content-flex-start fusion-content-layout-column\"><div class=\"fusion-text fusion-text-10\" style=\"--awb-margin-top:20px;\"><h3 class=\"fusion-responsive-typography-calculated\" style=\"text-align: center;\" data-fontsize=\"20\" data-lineheight=\"24px\">Mesa<\/h3>\n<\/div><div class=\"fusion-text fusion-text-11\"><p style=\"text-align: center;\">Sirviendo al valle del Este.<br \/>\n<a href=\"https:\/\/maps.app.goo.gl\/PF9dVXqgWN8zBXW38\" target=\"_blank\" rel=\"noopener noreferrer\">3155 E. Southern Ave. 2nd Floor<br \/>\nMesa, AZ 85204<\/a><\/p>\n<\/div><div style=\"text-align:center;\"><a class=\"fusion-button button-flat fusion-button-default-size button-default fusion-button-default button-2 fusion-button-default-span fusion-button-default-type\" target=\"_self\" href=\"tel: 480-733-2740\"><span class=\"fusion-button-text awb-button__text awb-button__text--default\">Llame al 480-733-2740<\/span><\/a><\/div><div class=\"fusion-separator\" style=\"align-self: center;margin-left: auto;margin-right: auto;margin-top:15px;margin-bottom:15px;width:100%;max-width:200px;\"><div class=\"fusion-separator-border sep-single sep-solid\" style=\"--awb-height:20px;--awb-amount:20px;border-color:#e0dede;border-top-width:2px;\"><\/div><\/div><div class=\"fusion-text fusion-text-12 fusion-text-no-margin\" style=\"--awb-margin-bottom:20px;\"><div style=\"text-align: center;\">Lunes: \u00a09 am \u2013 5 pm<\/div>\n<div style=\"text-align: center;\">Martes: \u00a09 am \u2013 7 pm<\/div>\n<div style=\"text-align: center;\">Mi\u00e9rcoles: \u00a09 am \u2013 5 pm<\/div>\n<div style=\"text-align: center;\">Jueves: \u00a09 am \u2013 5 pm<\/div>\n<div>\n<div style=\"text-align: center;\">Viernes: Cerradas<\/div>\n<div style=\"text-align: center;\">S\u00e1bado: Cerradas<\/div>\n<\/div>\n<\/div><\/div><\/div><div class=\"fusion-layout-column fusion_builder_column fusion-builder-column-11 fusion_builder_column_1_4 1_4 fusion-flex-column\" style=\"--awb-overflow:hidden;--awb-bg-color:#ffffff;--awb-bg-color-hover:#ffffff;--awb-bg-size:cover;--awb-border-radius:12px 12px 12px 12px;--awb-width-large:25%;--awb-margin-top-large:0px;--awb-spacing-right-large:7.68%;--awb-margin-bottom-large:20px;--awb-spacing-left-large:7.68%;--awb-width-medium:100%;--awb-order-medium:0;--awb-spacing-right-medium:1.92%;--awb-spacing-left-medium:1.92%;--awb-width-small:100%;--awb-order-small:0;--awb-spacing-right-small:1.92%;--awb-spacing-left-small:1.92%;\"><div class=\"fusion-column-wrapper fusion-column-has-shadow fusion-flex-justify-content-flex-start fusion-content-layout-column\"><div class=\"fusion-text fusion-text-13\" style=\"--awb-margin-top:20px;\"><h3 class=\"fusion-responsive-typography-calculated\" style=\"text-align: center;\" data-fontsize=\"20\" data-lineheight=\"24px\">Phoenix<\/h3>\n<\/div><div class=\"fusion-text fusion-text-14\"><p style=\"text-align: center;\">Sirviendo el centro de Phoenix.<br \/>\n<a href=\"https:\/\/goo.gl\/maps\/LxHbRZrkiRiEG7nL7\" target=\"_blank\" rel=\"noopener noreferrer\">1907 W. Camelback Road<br \/>\nPhoenix, AZ 85015<\/a><\/p>\n<\/div><div style=\"text-align:center;\"><a class=\"fusion-button button-flat fusion-button-default-size button-default fusion-button-default button-3 fusion-button-default-span fusion-button-default-type\" target=\"_self\" href=\"tel: 602-368-4922\"><span class=\"fusion-button-text awb-button__text awb-button__text--default\">Llame al 602-368-4922<\/span><\/a><\/div><div class=\"fusion-separator\" style=\"align-self: center;margin-left: auto;margin-right: auto;margin-top:15px;margin-bottom:15px;width:100%;max-width:200px;\"><div class=\"fusion-separator-border sep-single sep-solid\" style=\"--awb-height:20px;--awb-amount:20px;border-color:#e0dede;border-top-width:2px;\"><\/div><\/div><div class=\"fusion-text fusion-text-15 fusion-text-no-margin\" style=\"--awb-margin-bottom:20px;\"><div style=\"text-align: center;\">\n<div style=\"color: #717171; text-align: center;\"><span style=\"color: #000000;\">Lunes: \u00a09 am \u2013 5 pm<\/span><\/div>\n<div style=\"color: #717171; text-align: center;\"><span style=\"color: #000000;\">Martes: \u00a09 am \u2013 7 pm<\/span><\/div>\n<div style=\"color: #717171; text-align: center;\"><span style=\"color: #000000;\">Mi\u00e9rcoles: \u00a09 am \u2013 5 pm<\/span><\/div>\n<div style=\"color: #717171; text-align: center;\"><span style=\"color: #000000;\">Jueves: \u00a09 am \u2013 7 pm<\/span><\/div>\n<div style=\"color: #717171; text-align: center;\"><span style=\"color: #000000;\">Viernes: \u00a09 am \u2013 5 pm<\/span><\/div>\n<div>S\u00e1bado: \u00a09 am \u2013 1 pm<\/div>\n<\/div>\n<\/div><\/div><\/div><div class=\"fusion-layout-column fusion_builder_column fusion-builder-column-12 fusion_builder_column_1_4 1_4 fusion-flex-column\" style=\"--awb-overflow:hidden;--awb-bg-color:#ffffff;--awb-bg-color-hover:#ffffff;--awb-bg-size:cover;--awb-border-radius:12px 12px 12px 12px;--awb-width-large:25%;--awb-margin-top-large:0px;--awb-spacing-right-large:7.68%;--awb-margin-bottom-large:20px;--awb-spacing-left-large:7.68%;--awb-width-medium:100%;--awb-order-medium:0;--awb-spacing-right-medium:1.92%;--awb-spacing-left-medium:1.92%;--awb-width-small:100%;--awb-order-small:0;--awb-spacing-right-small:1.92%;--awb-spacing-left-small:1.92%;\"><div class=\"fusion-column-wrapper fusion-column-has-shadow fusion-flex-justify-content-flex-start fusion-content-layout-column\"><div class=\"fusion-text fusion-text-16\" style=\"--awb-margin-top:20px;\"><h3 class=\"fusion-responsive-typography-calculated\" style=\"text-align: center;\" data-fontsize=\"20\" data-lineheight=\"24px\">Phoenix<\/h3>\n<\/div><div class=\"fusion-text fusion-text-17\"><p style=\"text-align: center;\">Centro de esperanza de opciones.<br \/>\n<a href=\"https:\/\/maps.app.goo.gl\/53sdPKQhmizzsHRr7\" target=\"_blank\" rel=\"noopener noreferrer\">5757 N. Central Ave. Bldg B<br \/>\nPhoenix, AZ 85012<\/a><\/p>\n<\/div><div style=\"text-align:center;\"><a class=\"fusion-button button-flat fusion-button-default-size button-default fusion-button-default button-4 fusion-button-default-span fusion-button-default-type\" target=\"_self\" href=\"tel: 6024561254\"><span class=\"fusion-button-text awb-button__text awb-button__text--default\">Llame al 602-456-1254<\/span><\/a><\/div><div class=\"fusion-separator\" style=\"align-self: center;margin-left: auto;margin-right: auto;margin-top:15px;margin-bottom:15px;width:100%;max-width:200px;\"><div class=\"fusion-separator-border sep-single sep-solid\" style=\"--awb-height:20px;--awb-amount:20px;border-color:#e0dede;border-top-width:2px;\"><\/div><\/div><div class=\"fusion-text fusion-text-18 fusion-text-no-margin\" style=\"--awb-margin-bottom:20px;\"><div style=\"text-align: center;\">\n<div style=\"color: #717171; text-align: center;\"><span style=\"color: #000000;\">Mi\u00e9rcoles: &nbsp;9 am \u2013 1 pm<\/span><\/div>\n<\/div>\n<\/div><\/div><\/div><\/div><\/div>\n<\/p>\n","protected":false},"excerpt":{"rendered":"","protected":false},"author":2,"featured_media":0,"parent":0,"menu_order":0,"comment_status":"closed","ping_status":"closed","template":"100-width.php","meta":{"_locale":"es_MX","_original_post":"9","footnotes":""},"class_list":["post-457","page","type-page","status-publish","hentry","es-MX"],"aioseo_notices":[],"_links":{"self":[{"href":"https:\/\/choicesaz.com\/wp-json\/wp\/v2\/pages\/457","targetHints":{"allow":["GET"]}}],"collection":[{"href":"https:\/\/choicesaz.com\/wp-json\/wp\/v2\/pages"}],"about":[{"href":"https:\/\/choicesaz.com\/wp-json\/wp\/v2\/types\/page"}],"author":[{"embeddable":true,"href":"https:\/\/choicesaz.com\/wp-json\/wp\/v2\/users\/2"}],"replies":[{"embeddable":true,"href":"https:\/\/choicesaz.com\/wp-json\/wp\/v2\/comments?post=457"}],"version-history":[{"count":0,"href":"https:\/\/choicesaz.com\/wp-json\/wp\/v2\/pages\/457\/revisions"}],"wp:attachment":[{"href":"https:\/\/choicesaz.com\/wp-json\/wp\/v2\/media?parent=457"}],"curies":[{"name":"wp","href":"https:\/\/api.w.org\/{rel}","templated":true}]}}