{"id":459,"date":"2020-02-06T22:43:59","date_gmt":"2020-02-06T22:43:59","guid":{"rendered":"https:\/\/choicesprod.wpengine.com\/?page_id=459"},"modified":"2023-07-20T09:27:37","modified_gmt":"2023-07-20T16:27:37","slug":"free-pregnancy-tests","status":"publish","type":"page","link":"https:\/\/choicesaz.com\/es\/get-care\/free-pregnancy-tests\/","title":{"rendered":"Free Pregnancy Tests"},"content":{"rendered":"<p><div class=\"fusion-fullwidth fullwidth-box fusion-builder-row-1 fusion-parallax-none nonhundred-percent-fullwidth non-hundred-percent-height-scrolling fusion-no-small-visibility fusion-no-medium-visibility lazyload\" style=\"--awb-background-position:right center;--awb-border-radius-top-left:0px;--awb-border-radius-top-right:0px;--awb-border-radius-bottom-right:0px;--awb-border-radius-bottom-left:0px;--awb-padding-top:120px;--awb-padding-right:3%;--awb-padding-bottom:120px;--awb-padding-left:3%;--awb-margin-top:0px;--awb-margin-bottom:0px;--awb-background-color:#f4f4f4;--awb-background-size:cover;--awb-flex-wrap:wrap;\" data-bg=\"https:\/\/choicesprod.wpengine.com\/wp-content\/uploads\/2020\/01\/preg-test-dsk_3.jpg\" ><div class=\"fusion-builder-row fusion-row\"><div class=\"fusion-layout-column fusion_builder_column fusion-builder-column-0 fusion_builder_column_1_2 1_2 fusion-one-half fusion-column-first fusion-no-small-visibility fusion-no-medium-visibility\" style=\"--awb-bg-size:cover;--awb-margin-bottom:0px;width:50%;width:calc(50% - ( ( 4% ) * 0.5 ) );margin-right: 4%;\"><div class=\"fusion-column-wrapper fusion-column-has-shadow fusion-flex-column-wrapper-legacy\"><div class=\"fusion-text fusion-text-1\" style=\"--awb-text-transform:none;\"><h1>Pruebas de embarazo gratuitas<\/h1>\n<p><span class=\"blue\">Cuando necesites saber con certeza, estamos aqu\u00ed para ayudarte. Pruebas r\u00e1pidas y confidenciales proporcionadas por personas que escuchan, se preocupan y estar\u00e1n a tu disposici\u00f3n para el &#8220;\u00bfy ahora qu\u00e9?&#8221;<\/span><\/p>\n<\/div><div class=\"fusion-clearfix\"><\/div><\/div><\/div><div class=\"fusion-layout-column fusion_builder_column fusion-builder-column-1 fusion_builder_column_1_2 1_2 fusion-one-half fusion-column-last fusion-no-small-visibility fusion-no-medium-visibility\" style=\"--awb-bg-size:cover;--awb-margin-bottom:0px;width:50%;width:calc(50% - ( ( 4% ) * 0.5 ) );\"><div class=\"fusion-column-wrapper fusion-column-has-shadow fusion-flex-column-wrapper-legacy\"><div class=\"fusion-clearfix\"><\/div><\/div><\/div><\/div><\/div><div class=\"fusion-fullwidth fullwidth-box fusion-builder-row-2 fusion-parallax-none nonhundred-percent-fullwidth non-hundred-percent-height-scrolling fusion-no-small-visibility fusion-no-large-visibility lazyload\" style=\"--awb-background-position:right center;--awb-border-radius-top-left:0px;--awb-border-radius-top-right:0px;--awb-border-radius-bottom-right:0px;--awb-border-radius-bottom-left:0px;--awb-padding-top:120px;--awb-padding-right:3%;--awb-padding-bottom:120px;--awb-padding-left:3%;--awb-margin-top:0px;--awb-margin-bottom:0px;--awb-background-color:#f4f4f4;--awb-background-size:cover;--awb-flex-wrap:wrap;\" data-bg=\"https:\/\/choicesprod.wpengine.com\/wp-content\/uploads\/2020\/01\/preg-test-med_2.jpg\" ><div class=\"fusion-builder-row fusion-row\"><div class=\"fusion-layout-column fusion_builder_column fusion-builder-column-2 fusion_builder_column_1_2 1_2 fusion-one-half fusion-column-first fusion-no-small-visibility fusion-no-large-visibility\" style=\"--awb-bg-size:cover;--awb-margin-bottom:0px;width:50%;width:calc(50% - ( ( 4% ) * 0.5 ) );margin-right: 4%;\"><div class=\"fusion-column-wrapper fusion-column-has-shadow fusion-flex-column-wrapper-legacy\"><div class=\"fusion-text fusion-text-2\" style=\"--awb-text-transform:none;\"><h1>Pruebas de embarazo gratuitas<\/h1>\n<p><span class=\"blue\">Cuando necesites saber con certeza, estamos aqu\u00ed para ayudarte. Pruebas r\u00e1pidas y confidenciales proporcionadas por personas que escuchan, se preocupan y estar\u00e1n a tu disposici\u00f3n para el &#8220;\u00bfy ahora qu\u00e9?&#8221;<\/span><\/p>\n<\/div><div class=\"fusion-clearfix\"><\/div><\/div><\/div><div class=\"fusion-layout-column fusion_builder_column fusion-builder-column-3 fusion_builder_column_1_2 1_2 fusion-one-half fusion-column-last fusion-no-small-visibility fusion-no-large-visibility\" style=\"--awb-bg-size:cover;--awb-margin-bottom:0px;width:50%;width:calc(50% - ( ( 4% ) * 0.5 ) );\"><div class=\"fusion-column-wrapper fusion-column-has-shadow fusion-flex-column-wrapper-legacy\"><div class=\"fusion-clearfix\"><\/div><\/div><\/div><\/div><\/div><div class=\"fusion-fullwidth fullwidth-box fusion-builder-row-3 nonhundred-percent-fullwidth non-hundred-percent-height-scrolling fusion-no-medium-visibility fusion-no-large-visibility\" style=\"--awb-background-position:right center;--awb-border-radius-top-left:0px;--awb-border-radius-top-right:0px;--awb-border-radius-bottom-right:0px;--awb-border-radius-bottom-left:0px;--awb-padding-top:0px;--awb-padding-right:0px;--awb-padding-bottom:0px;--awb-padding-left:0px;--awb-margin-top:0px;--awb-margin-bottom:0px;--awb-background-color:#f7f7f7;--awb-flex-wrap:wrap;\" ><div class=\"fusion-builder-row fusion-row\"><div class=\"fusion-layout-column fusion_builder_column fusion-builder-column-4 fusion_builder_column_1_1 1_1 fusion-one-full fusion-column-first fusion-column-last fusion-no-medium-visibility fusion-no-large-visibility\" style=\"--awb-bg-size:cover;--awb-margin-bottom:0px;\"><div class=\"fusion-column-wrapper fusion-column-has-shadow fusion-flex-column-wrapper-legacy\"><div class=\"fusion-image-element in-legacy-container\" style=\"--awb-caption-title-font-family:var(--h2_typography-font-family);--awb-caption-title-font-weight:var(--h2_typography-font-weight);--awb-caption-title-font-style:var(--h2_typography-font-style);--awb-caption-title-size:var(--h2_typography-font-size);--awb-caption-title-transform:var(--h2_typography-text-transform);--awb-caption-title-line-height:var(--h2_typography-line-height);--awb-caption-title-letter-spacing:var(--h2_typography-letter-spacing);\"><span class=\" fusion-imageframe imageframe-none imageframe-1 hover-type-none\"><img decoding=\"async\" width=\"2000\" height=\"792\" title=\"preg-test-dsk_3\" src=\"https:\/\/choicesaz.com\/wp-content\/uploads\/2020\/01\/preg-test-dsk_3.jpg\" data-orig-src=\"https:\/\/choicesprod.wpengine.com\/wp-content\/uploads\/2020\/01\/preg-test-dsk_3.jpg\" alt class=\"lazyload img-responsive wp-image-226\" srcset=\"data:image\/svg+xml,%3Csvg%20xmlns%3D%27http%3A%2F%2Fwww.w3.org%2F2000%2Fsvg%27%20width%3D%272000%27%20height%3D%27792%27%20viewBox%3D%270%200%202000%20792%27%3E%3Crect%20width%3D%272000%27%20height%3D%27792%27%20fill-opacity%3D%220%22%2F%3E%3C%2Fsvg%3E\" data-srcset=\"https:\/\/choicesaz.com\/wp-content\/uploads\/2020\/01\/preg-test-dsk_3-200x79.jpg 200w, https:\/\/choicesaz.com\/wp-content\/uploads\/2020\/01\/preg-test-dsk_3-400x158.jpg 400w, https:\/\/choicesaz.com\/wp-content\/uploads\/2020\/01\/preg-test-dsk_3-600x238.jpg 600w, https:\/\/choicesaz.com\/wp-content\/uploads\/2020\/01\/preg-test-dsk_3-800x317.jpg 800w, https:\/\/choicesaz.com\/wp-content\/uploads\/2020\/01\/preg-test-dsk_3-1200x475.jpg 1200w, https:\/\/choicesaz.com\/wp-content\/uploads\/2020\/01\/preg-test-dsk_3.jpg 2000w\" data-sizes=\"auto\" data-orig-sizes=\"(max-width: 767px) 100vw, 1200px\" \/><\/span><\/div><div class=\"fusion-clearfix\"><\/div><\/div><\/div><div class=\"fusion-layout-column fusion_builder_column fusion-builder-column-5 fusion_builder_column_1_1 1_1 fusion-one-full fusion-column-first fusion-column-last fusion-no-medium-visibility fusion-no-large-visibility\" style=\"--awb-padding-top:30px;--awb-padding-right:8%;--awb-padding-bottom:30px;--awb-padding-left:8%;--awb-bg-color:#f7f7f7;--awb-bg-color-hover:#f7f7f7;--awb-bg-size:cover;--awb-margin-bottom:0px;\"><div class=\"fusion-column-wrapper fusion-column-has-shadow fusion-flex-column-wrapper-legacy\"><div class=\"fusion-text fusion-text-3\" style=\"--awb-text-transform:none;\"><h1>Pruebas de embarazo gratuitas<\/h1>\n<p><span class=\"blue\">Cuando necesites saber con certeza, estamos aqu\u00ed para ayudarte. Pruebas r\u00e1pidas y confidenciales proporcionadas por personas que escuchan, se preocupan y estar\u00e1n a tu disposici\u00f3n para el &#8220;\u00bfy ahora qu\u00e9?&#8221;<\/span><\/p>\n<\/div><div class=\"fusion-clearfix\"><\/div><\/div><\/div><\/div><\/div><div class=\"fusion-fullwidth fullwidth-box fusion-builder-row-4 nonhundred-percent-fullwidth non-hundred-percent-height-scrolling fusion-no-small-visibility\" style=\"--awb-border-radius-top-left:0px;--awb-border-radius-top-right:0px;--awb-border-radius-bottom-right:0px;--awb-border-radius-bottom-left:0px;--awb-padding-top:60px;--awb-padding-right:3%;--awb-padding-bottom:60px;--awb-padding-left:3%;--awb-margin-top:0px;--awb-margin-bottom:0px;--awb-flex-wrap:wrap;\" ><div class=\"fusion-builder-row fusion-row\"><div class=\"fusion-layout-column fusion_builder_column fusion-builder-column-6 fusion_builder_column_2_3 2_3 fusion-two-third fusion-column-first fusion-no-small-visibility\" style=\"--awb-bg-size:cover;--awb-margin-bottom:0px;width:66.666666666667%;width:calc(66.666666666667% - ( ( 4% ) * 0.66666666666667 ) );margin-right: 4%;\"><div class=\"fusion-column-wrapper fusion-column-has-shadow fusion-flex-column-wrapper-legacy\"><div class=\"fusion-text fusion-text-4\" style=\"--awb-text-transform:none;\"><h2>\u00bfQu\u00e9\u00a0esperar?<\/h2>\n<ul>\n<li>Nuestra prueba de embarazo es de grado m\u00e9dico y puede detectar el embarazo dentro de los 7-10 d\u00edas posteriores a la concepci\u00f3n, y es m\u00e1s precisa que las que se encuentran en las farmacias.<\/li>\n<li>Tu cita durar\u00e1 aproximadamente una hora.<\/li>\n<li>Si tu prueba de embarazo es positiva, podr\u00e1s programar un ultrasonido gratuito. Ocasionalmente, podemos ofrecer un ultrasonido el mismo d\u00eda.<\/li>\n<li>Podemos iniciar conversaciones sobre tus necesidades, y utilizar la red de apoyo de Choices para construir un equipo de asistencia a tu al rededor.<\/li>\n<\/ul>\n<\/div><div class=\"fusion-sep-clear\"><\/div><div class=\"fusion-separator fusion-full-width-sep\" style=\"margin-left: auto;margin-right: auto;margin-top:10px;width:100%;\"><\/div><div class=\"fusion-sep-clear\"><\/div><a class=\"fusion-modal-text-link\" href=\"#\"><img decoding=\"async\" class=\"lazyload style-svg_2\" style=\"text-align: left; width: 95%; height: auto; margin: 0 auto;\" src=\"data:image\/gif;base64,R0lGODlhAQABAAAAACH5BAEKAAEALAAAAAABAAEAAAICTAEAOw==\" data-orig-src=\"\/wp-content\/uploads\/2022\/06\/infographic-spanish.svg\" \/><\/a><div class=\"fusion-sep-clear\"><\/div><div class=\"fusion-separator fusion-full-width-sep\" style=\"margin-left: auto;margin-right: auto;margin-top:30px;width:100%;\"><\/div><div class=\"fusion-sep-clear\"><\/div><div class=\"fusion-alignleft\"><a class=\"fusion-button button-flat fusion-button-default-size button-default fusion-button-default button-1 fusion-button-default-span fusion-button-default-type\" target=\"_self\" href=\"\/es\/appointment\/\"><span class=\"fusion-button-text awb-button__text awb-button__text--default\">Haga una cita<\/span><\/a><\/div><div class=\"fusion-clearfix\"><\/div><\/div><\/div><div class=\"fusion-layout-column fusion_builder_column fusion-builder-column-7 fusion_builder_column_1_3 1_3 fusion-one-third fusion-column-last\" style=\"--awb-padding-top:3px;--awb-padding-right:20px;--awb-padding-bottom:20px;--awb-padding-left:20px;--awb-overflow:hidden;--awb-bg-color:#f7f7f7;--awb-bg-color-hover:#f7f7f7;--awb-bg-size:cover;--awb-border-radius:10px 10px 10px 10px;--awb-margin-top:15px;--awb-margin-bottom:0px;width:33.333333333333%;width:calc(33.333333333333% - ( ( 4% ) * 0.33333333333333 ) );\"><div class=\"fusion-column-wrapper fusion-column-has-shadow fusion-flex-column-wrapper-legacy\"><div class=\"fusion-sep-clear\"><\/div><div class=\"fusion-separator fusion-full-width-sep\" style=\"margin-left: auto;margin-right: auto;margin-top:5px;width:100%;\"><\/div><div class=\"fusion-sep-clear\"><\/div><div class=\"fusion-text fusion-text-5\"><h3 class=\"fusion-responsive-typography-calculated\" style=\"text-align: center;\" data-fontsize=\"20\" data-lineheight=\"24px\">Para programar una\u00a0prueba de embarazo<\/h3>\n<\/div><div class=\"fusion-sep-clear\"><\/div><div class=\"fusion-separator fusion-full-width-sep\" style=\"margin-left: auto;margin-right: auto;margin-top:10px;width:100%;\"><\/div><div class=\"fusion-sep-clear\"><\/div><div class=\"fusion-align-block\"><a class=\"fusion-button button-flat button-xlarge button-default fusion-button-default button-2 fusion-button-span-yes fusion-button-default-type\" target=\"_self\" href=\"\/es\/locations-functionality\"><i class=\"fa-heart fas awb-button__icon awb-button__icon--default button-icon-left\" aria-hidden=\"true\"><\/i><span class=\"fusion-button-text awb-button__text awb-button__text--default\">RESERVE AHORA<\/span><\/a><\/div><div class=\"fusion-text fusion-text-6\"><h3 class=\"fusion-responsive-typography-calculated\" style=\"text-align: center;\" data-fontsize=\"20\" data-lineheight=\"24px\">Contacta con nosotros<\/h3>\n<\/div><div class=\"fusion-align-block\"><a class=\"fusion-button button-flat button-xlarge button-default fusion-button-default button-3 fusion-button-span-yes fusion-button-default-type\" target=\"_self\" href=\"\/es\/locations-functionality\"><i class=\"fa-heart fas awb-button__icon awb-button__icon--default button-icon-left\" aria-hidden=\"true\"><\/i><span class=\"fusion-button-text awb-button__text awb-button__text--default\">RESERVE AHORA<\/span><\/a><\/div><div class=\"fusion-clearfix\"><\/div><\/div><\/div>\n<\/div><\/div><div class=\"fusion-fullwidth fullwidth-box fusion-builder-row-5 nonhundred-percent-fullwidth non-hundred-percent-height-scrolling fusion-no-medium-visibility fusion-no-large-visibility\" style=\"--awb-border-radius-top-left:0px;--awb-border-radius-top-right:0px;--awb-border-radius-bottom-right:0px;--awb-border-radius-bottom-left:0px;--awb-padding-top:50px;--awb-padding-right:8%;--awb-padding-bottom:60px;--awb-padding-left:8%;--awb-margin-top:0px;--awb-margin-bottom:0px;--awb-flex-wrap:wrap;\" ><div class=\"fusion-builder-row fusion-row\"><div class=\"fusion-layout-column fusion_builder_column fusion-builder-column-8 fusion_builder_column_2_3 2_3 fusion-two-third fusion-column-first fusion-no-medium-visibility fusion-no-large-visibility\" style=\"--awb-bg-size:cover;--awb-margin-bottom:0px;width:66.666666666667%;width:calc(66.666666666667% - ( ( 4% ) * 0.66666666666667 ) );margin-right: 4%;\"><div class=\"fusion-column-wrapper fusion-column-has-shadow fusion-flex-column-wrapper-legacy\"><div class=\"fusion-text fusion-text-7\" style=\"--awb-text-transform:none;\"><h2>\u00bfQu\u00e9\u00a0esperar?<\/h2>\n<ul>\n<li>Nuestra prueba de embarazo es de grado m\u00e9dico y puede detectar el embarazo dentro de los 7-10 d\u00edas posteriores a la concepci\u00f3n, y es m\u00e1s precisa que las que se encuentran en las farmacias.<\/li>\n<li>Tu cita durar\u00e1 aproximadamente una hora.<\/li>\n<li>Si tu prueba de embarazo es positiva, podr\u00e1s programar un ultrasonido gratuito. Ocasionalmente, podemos ofrecer un ultrasonido el mismo d\u00eda.<\/li>\n<li>Podemos iniciar conversaciones sobre tus necesidades, y utilizar la red de apoyo de Choices para construir un equipo de asistencia a tu al rededor.<\/li>\n<\/ul>\n<\/div><div class=\"fusion-sep-clear\"><\/div><div class=\"fusion-separator fusion-full-width-sep\" style=\"margin-left: auto;margin-right: auto;margin-top:10px;width:100%;\"><\/div><div class=\"fusion-sep-clear\"><\/div><a class=\"fusion-modal-text-link\" href=\"#\"><img decoding=\"async\" class=\"lazyload style-svg_2\" style=\"text-align: left; width: 100%; height: auto; margin: 0 auto;\" src=\"data:image\/gif;base64,R0lGODlhAQABAAAAACH5BAEKAAEALAAAAAABAAEAAAICTAEAOw==\" data-orig-src=\"\/wp-content\/uploads\/2022\/06\/infographic-spanish-mob.svg\" \/><\/a><div class=\"fusion-sep-clear\"><\/div><div class=\"fusion-separator fusion-full-width-sep\" style=\"margin-left: auto;margin-right: auto;margin-top:20px;width:100%;\"><\/div><div class=\"fusion-sep-clear\"><\/div><div class=\"fusion-clearfix\"><\/div><\/div><\/div><div class=\"fusion-layout-column fusion_builder_column fusion-builder-column-9 fusion_builder_column_1_3 1_3 fusion-one-third fusion-column-last\" style=\"--awb-padding-top:3px;--awb-padding-right:20px;--awb-padding-bottom:20px;--awb-padding-left:20px;--awb-overflow:hidden;--awb-bg-color:#f7f7f7;--awb-bg-color-hover:#f7f7f7;--awb-bg-size:cover;--awb-border-radius:10px 10px 10px 10px;--awb-margin-top:15px;--awb-margin-bottom:0px;width:33.333333333333%;width:calc(33.333333333333% - ( ( 4% ) * 0.33333333333333 ) );\"><div class=\"fusion-column-wrapper fusion-column-has-shadow fusion-flex-column-wrapper-legacy\"><div class=\"fusion-sep-clear\"><\/div><div class=\"fusion-separator fusion-full-width-sep\" style=\"margin-left: auto;margin-right: auto;margin-top:5px;width:100%;\"><\/div><div class=\"fusion-sep-clear\"><\/div><div class=\"fusion-text fusion-text-8\"><h3 class=\"fusion-responsive-typography-calculated\" style=\"text-align: center;\" data-fontsize=\"20\" data-lineheight=\"24px\">Para programar una\u00a0prueba de embarazo<\/h3>\n<\/div><div class=\"fusion-sep-clear\"><\/div><div class=\"fusion-separator fusion-full-width-sep\" style=\"margin-left: auto;margin-right: auto;margin-top:10px;width:100%;\"><\/div><div class=\"fusion-sep-clear\"><\/div><div class=\"fusion-align-block\"><a class=\"fusion-button button-flat button-xlarge button-default fusion-button-default button-4 fusion-button-span-yes fusion-button-default-type\" target=\"_self\" href=\"\/es\/locations-functionality\"><i class=\"fa-heart fas awb-button__icon awb-button__icon--default button-icon-left\" aria-hidden=\"true\"><\/i><span class=\"fusion-button-text awb-button__text awb-button__text--default\">RESERVE AHORA<\/span><\/a><\/div><div class=\"fusion-text fusion-text-9\"><h3 class=\"fusion-responsive-typography-calculated\" style=\"text-align: center;\" data-fontsize=\"20\" data-lineheight=\"24px\">Contacta con nosotros<\/h3>\n<\/div><div class=\"fusion-align-block\"><a class=\"fusion-button button-flat button-xlarge button-default fusion-button-default button-5 fusion-button-span-yes fusion-button-default-type\" target=\"_self\" href=\"\/es\/locations-functionality\"><i class=\"fa-heart fas awb-button__icon awb-button__icon--default button-icon-left\" aria-hidden=\"true\"><\/i><span class=\"fusion-button-text awb-button__text awb-button__text--default\">RESERVE AHORA<\/span><\/a><\/div><div class=\"fusion-clearfix\"><\/div><\/div><\/div>\n<\/div><\/div><\/p>\n","protected":false},"excerpt":{"rendered":"","protected":false},"author":2,"featured_media":0,"parent":455,"menu_order":0,"comment_status":"closed","ping_status":"closed","template":"100-width.php","meta":{"_locale":"es_MX","_original_post":"62","footnotes":""},"class_list":["post-459","page","type-page","status-publish","hentry","es-MX"],"aioseo_notices":[],"_links":{"self":[{"href":"https:\/\/choicesaz.com\/wp-json\/wp\/v2\/pages\/459","targetHints":{"allow":["GET"]}}],"collection":[{"href":"https:\/\/choicesaz.com\/wp-json\/wp\/v2\/pages"}],"about":[{"href":"https:\/\/choicesaz.com\/wp-json\/wp\/v2\/types\/page"}],"author":[{"embeddable":true,"href":"https:\/\/choicesaz.com\/wp-json\/wp\/v2\/users\/2"}],"replies":[{"embeddable":true,"href":"https:\/\/choicesaz.com\/wp-json\/wp\/v2\/comments?post=459"}],"version-history":[{"count":0,"href":"https:\/\/choicesaz.com\/wp-json\/wp\/v2\/pages\/459\/revisions"}],"up":[{"embeddable":true,"href":"https:\/\/choicesaz.com\/wp-json\/wp\/v2\/pages\/455"}],"wp:attachment":[{"href":"https:\/\/choicesaz.com\/wp-json\/wp\/v2\/media?parent=459"}],"curies":[{"name":"wp","href":"https:\/\/api.w.org\/{rel}","templated":true}]}}