{"id":469,"date":"2020-02-06T23:04:34","date_gmt":"2020-02-06T23:04:34","guid":{"rendered":"https:\/\/choicesprod.wpengine.com\/?page_id=469"},"modified":"2023-08-08T08:03:58","modified_gmt":"2023-08-08T15:03:58","slug":"post-abortion-support","status":"publish","type":"page","link":"https:\/\/choicesaz.com\/es\/get-care\/post-abortion-support\/","title":{"rendered":"Post Abortion Support"},"content":{"rendered":"<p><div class=\"fusion-fullwidth fullwidth-box fusion-builder-row-1 fusion-parallax-none nonhundred-percent-fullwidth non-hundred-percent-height-scrolling fusion-no-small-visibility fusion-no-medium-visibility lazyload\" style=\"--awb-background-position:right center;--awb-border-radius-top-left:0px;--awb-border-radius-top-right:0px;--awb-border-radius-bottom-right:0px;--awb-border-radius-bottom-left:0px;--awb-padding-top:85px;--awb-padding-right:3%;--awb-padding-bottom:85px;--awb-padding-left:3%;--awb-margin-top:0px;--awb-margin-bottom:0px;--awb-background-color:#f4f4f4;--awb-background-size:cover;--awb-flex-wrap:wrap;\" data-bg=\"https:\/\/choicesaz.com\/wp-content\/uploads\/2022\/05\/HopeHealing_CloudBackground4.png\" ><div class=\"fusion-builder-row fusion-row\"><div class=\"fusion-layout-column fusion_builder_column fusion-builder-column-0 fusion_builder_column_1_2 1_2 fusion-one-half fusion-column-first fusion-no-small-visibility fusion-no-medium-visibility\" style=\"--awb-bg-size:cover;--awb-margin-bottom:0px;width:50%;width:calc(50% - ( ( 4% ) * 0.5 ) );margin-right: 4%;\"><div class=\"fusion-column-wrapper fusion-column-has-shadow fusion-flex-column-wrapper-legacy\"><div class=\"fusion-text fusion-text-1\"><h1>Apoyo post aborto<\/h1>\n<p><span class=\"blue\">Muchas mujeres y hombres sufren de pena, verg\u00fcenza y depresi\u00f3n debido a una experiencia de aborto en el pasado (muchos por d\u00e9cadas). Estamos aqu\u00ed para ayudar. Hay esperanza y hay sanaci\u00f3n.<\/span><\/p>\n<\/div><div class=\"fusion-clearfix\"><\/div><\/div><\/div><div class=\"fusion-layout-column fusion_builder_column fusion-builder-column-1 fusion_builder_column_1_2 1_2 fusion-one-half fusion-column-last fusion-no-small-visibility fusion-no-medium-visibility\" style=\"--awb-bg-size:cover;--awb-margin-bottom:0px;width:50%;width:calc(50% - ( ( 4% ) * 0.5 ) );\"><div class=\"fusion-column-wrapper fusion-column-has-shadow fusion-flex-column-wrapper-legacy\"><div class=\"fusion-clearfix\"><\/div><\/div><\/div><\/div><\/div><div class=\"fusion-fullwidth fullwidth-box fusion-builder-row-2 fusion-flex-container nonhundred-percent-fullwidth non-hundred-percent-height-scrolling\" style=\"--awb-border-radius-top-left:0px;--awb-border-radius-top-right:0px;--awb-border-radius-bottom-right:0px;--awb-border-radius-bottom-left:0px;--awb-padding-top:18px;--awb-padding-right:8%;--awb-padding-left:8%;--awb-background-color:#3a84cd;--awb-flex-wrap:wrap;\" ><div class=\"fusion-builder-row fusion-row fusion-flex-align-items-center fusion-flex-content-wrap\" style=\"max-width:1144px;margin-left: calc(-4% \/ 2 );margin-right: calc(-4% \/ 2 );\"><div class=\"fusion-layout-column fusion_builder_column fusion-builder-column-2 fusion_builder_column_1_5 1_5 fusion-flex-column\" style=\"--awb-bg-size:cover;--awb-width-large:20%;--awb-margin-top-large:0px;--awb-spacing-right-large:9.6%;--awb-margin-bottom-large:20px;--awb-spacing-left-large:9.6%;--awb-width-medium:100%;--awb-order-medium:0;--awb-spacing-right-medium:1.92%;--awb-spacing-left-medium:1.92%;--awb-width-small:100%;--awb-order-small:0;--awb-spacing-right-small:1.92%;--awb-spacing-left-small:1.92%;\"><div class=\"fusion-column-wrapper fusion-column-has-shadow fusion-flex-justify-content-center fusion-content-layout-column\"><div class=\"fusion-text fusion-text-2\"><h3>Haz la prueba<\/h3>\n<\/div><\/div><\/div><div class=\"fusion-layout-column fusion_builder_column fusion-builder-column-3 fusion_builder_column_1_5 1_5 fusion-flex-column\" style=\"--awb-bg-size:cover;--awb-width-large:20%;--awb-margin-top-large:0px;--awb-spacing-right-large:9.6%;--awb-margin-bottom-large:20px;--awb-spacing-left-large:9.6%;--awb-width-medium:100%;--awb-order-medium:0;--awb-spacing-right-medium:1.92%;--awb-spacing-left-medium:1.92%;--awb-width-small:100%;--awb-order-small:0;--awb-spacing-right-small:1.92%;--awb-spacing-left-small:1.92%;\"><div class=\"fusion-column-wrapper fusion-column-has-shadow fusion-flex-justify-content-flex-start fusion-content-layout-column\"><div class=\"fusion-text fusion-text-3\" style=\"--awb-content-alignment:left;--awb-text-color:#3a84cd;\"><div class=\"fusion-layout-column fusion_builder_column fusion-builder-column-6 fusion_builder_column_1_5 1_5 fusion-flex-column fusion-column-inner-bg-wrapper\">\n<div class=\"fusion-column-wrapper fusion-flex-justify-content-center fusion-content-layout-column\">\n<div class=\"fusion-text fusion-text-4\">\u00a0<\/div>\n<\/div>\n<\/div>\n<div class=\"fusion-layout-column fusion_builder_column fusion-builder-column-7 fusion_builder_column_1_5 1_5 fusion-flex-column fusion-column-inner-bg-wrapper\">\n<div class=\"fusion-column-wrapper fusion-flex-justify-content-flex-start fusion-content-layout-column\">\n<div class=\"fusion-text fusion-text-5\">\n<h3 class=\"blue fusion-responsive-typography-calculated\" data-fontsize=\"20\" data-lineheight=\"24px\"><span style=\"color: #ffcc99;\"><a style=\"color: #ffcc99;\" href=\"https:\/\/choicesaz.com\/get-care\/apoyo-post-aborto-education\/\">Educaci\u00f3n Post-Aborto<\/a><\/span><\/h3>\n<\/div>\n<\/div>\n<\/div>\n<\/div><\/div><\/div><div class=\"fusion-layout-column fusion_builder_column fusion-builder-column-4 fusion_builder_column_1_5 1_5 fusion-flex-column\" style=\"--awb-bg-size:cover;--awb-width-large:20%;--awb-margin-top-large:0px;--awb-spacing-right-large:9.6%;--awb-margin-bottom-large:20px;--awb-spacing-left-large:9.6%;--awb-width-medium:100%;--awb-order-medium:0;--awb-spacing-right-medium:1.92%;--awb-spacing-left-medium:1.92%;--awb-width-small:100%;--awb-order-small:0;--awb-spacing-right-small:1.92%;--awb-spacing-left-small:1.92%;\"><div class=\"fusion-column-wrapper fusion-column-has-shadow fusion-flex-justify-content-center fusion-content-layout-column\"><div class=\"fusion-text fusion-text-4\" style=\"--awb-content-alignment:left;--awb-text-color:#3a84cd;\"><h3 style=\"color: #f8e2ec;\"><span style=\"color: #ffcc99;\"><a style=\"color: #ffcc99;\" href=\"https:\/\/choicesaz.com\/get-care\/apoyo-posterior-al-aborto-comience-su-viaje-de-curacion\/\">Comience su viaje de sanaci\u00f3n<\/a><\/span><\/h3>\n<\/div><\/div><\/div><div class=\"fusion-layout-column fusion_builder_column fusion-builder-column-5 fusion_builder_column_1_5 1_5 fusion-flex-column\" style=\"--awb-bg-size:cover;--awb-width-large:20%;--awb-margin-top-large:0px;--awb-spacing-right-large:9.6%;--awb-margin-bottom-large:20px;--awb-spacing-left-large:9.6%;--awb-width-medium:100%;--awb-order-medium:0;--awb-spacing-right-medium:1.92%;--awb-spacing-left-medium:1.92%;--awb-width-small:100%;--awb-order-small:0;--awb-spacing-right-small:1.92%;--awb-spacing-left-small:1.92%;\"><div class=\"fusion-column-wrapper fusion-column-has-shadow fusion-flex-justify-content-center fusion-content-layout-column\"><div class=\"fusion-text fusion-text-5\" style=\"--awb-content-alignment:left;--awb-text-color:#3a84cd;\"><h3 style=\"color: #f8e2ec;\"><span style=\"color: #ffcc99;\"><a style=\"color: #ffcc99;\" href=\"https:\/\/choicesaz.com\/get-care\/apoyo-post-aborto-testimonios\/\">Testimonios<\/a><\/span><\/h3>\n<\/div><\/div><\/div><div class=\"fusion-layout-column fusion_builder_column fusion-builder-column-6 fusion_builder_column_1_5 1_5 fusion-flex-column\" style=\"--awb-bg-size:cover;--awb-width-large:20%;--awb-margin-top-large:0px;--awb-spacing-right-large:9.6%;--awb-margin-bottom-large:20px;--awb-spacing-left-large:9.6%;--awb-width-medium:100%;--awb-order-medium:0;--awb-spacing-right-medium:1.92%;--awb-spacing-left-medium:1.92%;--awb-width-small:100%;--awb-order-small:0;--awb-spacing-right-small:1.92%;--awb-spacing-left-small:1.92%;\"><div class=\"fusion-column-wrapper fusion-column-has-shadow fusion-flex-justify-content-center fusion-content-layout-column\"><div class=\"fusion-text fusion-text-6\" style=\"--awb-content-alignment:left;--awb-text-color:#3a84cd;\"><h3 style=\"color: #f8e2ec;\"><span style=\"color: #ffcc99;\"><a style=\"color: #ffcc99;\" href=\"https:\/\/choicesaz.com\/get-care\/apoyo-post-aborto-preguntas-frecuentes\/\">preguntas frecuentes<\/a><\/span><\/h3>\n<\/div><\/div><\/div><\/div><\/div><div class=\"fusion-fullwidth fullwidth-box fusion-builder-row-3 fusion-parallax-none nonhundred-percent-fullwidth non-hundred-percent-height-scrolling fusion-no-small-visibility fusion-no-large-visibility lazyload\" style=\"--awb-background-position:right center;--awb-border-radius-top-left:0px;--awb-border-radius-top-right:0px;--awb-border-radius-bottom-right:0px;--awb-border-radius-bottom-left:0px;--awb-padding-top:100px;--awb-padding-right:3%;--awb-padding-bottom:100px;--awb-padding-left:3%;--awb-margin-top:0px;--awb-margin-bottom:0px;--awb-background-color:#f4f4f4;--awb-background-size:cover;--awb-flex-wrap:wrap;\" data-bg=\"https:\/\/choicesaz.com\/wp-content\/uploads\/2022\/05\/HopeHealing_CloudBackground_Tablet3.png\" ><div class=\"fusion-builder-row fusion-row\"><div class=\"fusion-layout-column fusion_builder_column fusion-builder-column-7 fusion_builder_column_1_2 1_2 fusion-one-half fusion-column-first fusion-no-small-visibility fusion-no-large-visibility\" style=\"--awb-bg-size:cover;--awb-margin-bottom:0px;width:50%;width:calc(50% - ( ( 4% ) * 0.5 ) );margin-right: 4%;\"><div class=\"fusion-column-wrapper fusion-column-has-shadow fusion-flex-column-wrapper-legacy\"><div class=\"fusion-text fusion-text-7\"><h1>Apoyo post aborto<\/h1>\n<p><span class=\"blue\">Muchas mujeres y hombres sufren de pena, verg\u00fcenza y depresi\u00f3n debido a una experiencia de aborto en el pasado (muchos por d\u00e9cadas). Estamos aqu\u00ed para ayudar. Hay esperanza y hay sanaci\u00f3n.<\/span><\/p>\n<\/div><div class=\"fusion-clearfix\"><\/div><\/div><\/div><div class=\"fusion-layout-column fusion_builder_column fusion-builder-column-8 fusion_builder_column_1_2 1_2 fusion-one-half fusion-column-last fusion-no-small-visibility fusion-no-large-visibility\" style=\"--awb-bg-size:cover;--awb-margin-bottom:0px;width:50%;width:calc(50% - ( ( 4% ) * 0.5 ) );\"><div class=\"fusion-column-wrapper fusion-column-has-shadow fusion-flex-column-wrapper-legacy\"><div class=\"fusion-clearfix\"><\/div><\/div><\/div><\/div><\/div><div class=\"fusion-fullwidth fullwidth-box fusion-builder-row-4 nonhundred-percent-fullwidth non-hundred-percent-height-scrolling fusion-no-medium-visibility fusion-no-large-visibility\" style=\"--awb-background-position:right center;--awb-border-radius-top-left:0px;--awb-border-radius-top-right:0px;--awb-border-radius-bottom-right:0px;--awb-border-radius-bottom-left:0px;--awb-padding-top:0px;--awb-padding-right:0px;--awb-padding-bottom:0px;--awb-padding-left:0px;--awb-margin-top:0px;--awb-margin-bottom:0px;--awb-background-color:#f7f7f7;--awb-flex-wrap:wrap;\" ><div class=\"fusion-builder-row fusion-row\"><div class=\"fusion-layout-column fusion_builder_column fusion-builder-column-9 fusion_builder_column_1_1 1_1 fusion-one-full fusion-column-first fusion-column-last fusion-no-medium-visibility fusion-no-large-visibility\" style=\"--awb-bg-size:cover;--awb-margin-bottom:0px;\"><div class=\"fusion-column-wrapper fusion-column-has-shadow fusion-flex-column-wrapper-legacy\"><div class=\"fusion-image-element in-legacy-container\" style=\"--awb-caption-title-font-family:var(--h2_typography-font-family);--awb-caption-title-font-weight:var(--h2_typography-font-weight);--awb-caption-title-font-style:var(--h2_typography-font-style);--awb-caption-title-size:var(--h2_typography-font-size);--awb-caption-title-transform:var(--h2_typography-text-transform);--awb-caption-title-line-height:var(--h2_typography-line-height);--awb-caption-title-letter-spacing:var(--h2_typography-letter-spacing);\"><span class=\" fusion-imageframe imageframe-none imageframe-1 hover-type-none\"><img decoding=\"async\" width=\"2710\" height=\"1458\" title=\"Hope&#038;Healing_CloudBackgroundMobile2\" src=\"https:\/\/choicesaz.com\/wp-content\/uploads\/2022\/05\/HopeHealing_CloudBackgroundMobile2.png\" data-orig-src=\"https:\/\/choicesaz.com\/wp-content\/uploads\/2022\/05\/HopeHealing_CloudBackgroundMobile2.png\" alt class=\"lazyload img-responsive wp-image-1243\" srcset=\"data:image\/svg+xml,%3Csvg%20xmlns%3D%27http%3A%2F%2Fwww.w3.org%2F2000%2Fsvg%27%20width%3D%272710%27%20height%3D%271458%27%20viewBox%3D%270%200%202710%201458%27%3E%3Crect%20width%3D%272710%27%20height%3D%271458%27%20fill-opacity%3D%220%22%2F%3E%3C%2Fsvg%3E\" data-srcset=\"https:\/\/choicesaz.com\/wp-content\/uploads\/2022\/05\/HopeHealing_CloudBackgroundMobile2-200x108.png 200w, https:\/\/choicesaz.com\/wp-content\/uploads\/2022\/05\/HopeHealing_CloudBackgroundMobile2-400x215.png 400w, https:\/\/choicesaz.com\/wp-content\/uploads\/2022\/05\/HopeHealing_CloudBackgroundMobile2-600x323.png 600w, https:\/\/choicesaz.com\/wp-content\/uploads\/2022\/05\/HopeHealing_CloudBackgroundMobile2-800x430.png 800w, https:\/\/choicesaz.com\/wp-content\/uploads\/2022\/05\/HopeHealing_CloudBackgroundMobile2-1200x646.png 1200w, https:\/\/choicesaz.com\/wp-content\/uploads\/2022\/05\/HopeHealing_CloudBackgroundMobile2.png 2710w\" data-sizes=\"auto\" data-orig-sizes=\"(max-width: 767px) 100vw, 1200px\" \/><\/span><\/div><div class=\"fusion-clearfix\"><\/div><\/div><\/div><div class=\"fusion-layout-column fusion_builder_column fusion-builder-column-10 fusion_builder_column_1_1 1_1 fusion-one-full fusion-column-first fusion-column-last fusion-no-medium-visibility fusion-no-large-visibility\" style=\"--awb-padding-top:30px;--awb-padding-right:8%;--awb-padding-bottom:30px;--awb-padding-left:8%;--awb-bg-color:#f7f7f7;--awb-bg-color-hover:#f7f7f7;--awb-bg-size:cover;--awb-margin-bottom:0px;\"><div class=\"fusion-column-wrapper fusion-column-has-shadow fusion-flex-column-wrapper-legacy\"><div class=\"fusion-text fusion-text-8\"><h1>Apoyo post aborto<\/h1>\n<p><span class=\"blue\">Muchas mujeres y hombres sufren de pena, verg\u00fcenza y depresi\u00f3n debido a una experiencia de aborto en el pasado (muchos por d\u00e9cadas). Estamos aqu\u00ed para ayudar. Hay esperanza y hay sanaci\u00f3n.<\/span><\/p>\n<\/div><div class=\"fusion-clearfix\"><\/div><\/div><\/div><\/div><\/div><div class=\"fusion-fullwidth fullwidth-box fusion-builder-row-5 nonhundred-percent-fullwidth non-hundred-percent-height-scrolling fusion-no-small-visibility\" style=\"--awb-border-radius-top-left:0px;--awb-border-radius-top-right:0px;--awb-border-radius-bottom-right:0px;--awb-border-radius-bottom-left:0px;--awb-padding-top:60px;--awb-padding-right:3%;--awb-padding-bottom:60px;--awb-padding-left:3%;--awb-margin-top:0px;--awb-margin-bottom:0px;--awb-background-color:#ffffff;--awb-flex-wrap:wrap;\" ><div class=\"fusion-builder-row fusion-row\"><div class=\"fusion-layout-column fusion_builder_column fusion-builder-column-11 fusion_builder_column_2_3 2_3 fusion-two-third fusion-column-first fusion-no-small-visibility\" style=\"--awb-bg-size:cover;--awb-margin-bottom:0px;width:66.666666666667%;width:calc(66.666666666667% - ( ( 4% ) * 0.66666666666667 ) );margin-right: 4%;\"><div class=\"fusion-column-wrapper fusion-column-has-shadow fusion-flex-column-wrapper-legacy\"><div class=\"fusion-text fusion-text-9\" style=\"--awb-text-transform:none;\"><p>El impacto psicol\u00f3gico y emocional del aborto puede surgir meses o incluso a\u00f1os despu\u00e9s en mujeres y hombres. Los estudios muestran que el aborto aumenta significativamente el riesgo de:<\/p>\n<ul>\n<li>Depresi\u00f3n cl\u00ednica y ansiedad<\/li>\n<li>Abuso de drogas y alcohol<\/li>\n<li>S\u00edntomas consistentes con el trastorno de estr\u00e9s postraum\u00e1tico (TEPT)<\/li>\n<li>Pensamientos y comportamientos suicidas.<\/li>\n<\/ul>\n<p>Para obtener m\u00e1s informaci\u00f3n, cont\u00e1ctenos en <a href=\"mailto:hope@choicesaz.com\">hope@choicesaz.com<\/a>.<\/p>\n<p>Si usted o alguien que conoce est\u00e1 luchando con <span style=\"font-weight: 400;\">sentimientos que no son saludables <\/span>despu\u00e9s de un aborto, ofrecemos apoyo gratuito, confidencial y compasivo dise\u00f1ado para ayudar a las mujeres y los hombres a superar estos sentimientos.<\/p>\n<\/div><div class=\"fusion-clearfix\"><\/div><\/div><\/div><div class=\"fusion-layout-column fusion_builder_column fusion-builder-column-12 fusion_builder_column_1_3 1_3 fusion-one-third fusion-column-last\" style=\"--awb-padding-top:3px;--awb-padding-right:20px;--awb-padding-bottom:20px;--awb-padding-left:20px;--awb-overflow:hidden;--awb-bg-color:#f7f7f7;--awb-bg-color-hover:#f7f7f7;--awb-bg-size:cover;--awb-border-radius:10px 10px 10px 10px;--awb-margin-top:15px;--awb-margin-bottom:0px;width:33.333333333333%;width:calc(33.333333333333% - ( ( 4% ) * 0.33333333333333 ) );\"><div class=\"fusion-column-wrapper fusion-column-has-shadow fusion-flex-column-wrapper-legacy\"><div class=\"fusion-text fusion-text-10\"><h3 style=\"text-align: center;\">Conversa con un especialista o reserva una consulta gratuita<\/h3>\n<\/div><div class=\"fusion-align-block\"><a class=\"fusion-button button-flat button-xlarge button-default fusion-button-default button-1 fusion-button-span-yes fusion-button-default-type\" target=\"_self\" href=\"mailto:hope@choicesaz.com\"><i class=\"fa-heart fas awb-button__icon awb-button__icon--default button-icon-left\" aria-hidden=\"true\"><\/i><span class=\"fusion-button-text awb-button__text awb-button__text--default\">el e-mail<\/span><\/a><\/div><div class=\"fusion-clearfix\"><\/div><\/div><\/div><\/div><\/div><div class=\"fusion-fullwidth fullwidth-box fusion-builder-row-6 nonhundred-percent-fullwidth non-hundred-percent-height-scrolling fusion-no-medium-visibility fusion-no-large-visibility\" style=\"--awb-border-radius-top-left:0px;--awb-border-radius-top-right:0px;--awb-border-radius-bottom-right:0px;--awb-border-radius-bottom-left:0px;--awb-padding-top:50px;--awb-padding-right:8%;--awb-padding-bottom:60px;--awb-padding-left:8%;--awb-margin-top:0px;--awb-margin-bottom:0px;--awb-background-color:#ffffff;--awb-flex-wrap:wrap;\" ><div class=\"fusion-builder-row fusion-row\"><div class=\"fusion-layout-column fusion_builder_column fusion-builder-column-13 fusion_builder_column_2_3 2_3 fusion-two-third fusion-column-first fusion-no-medium-visibility fusion-no-large-visibility\" style=\"--awb-bg-size:cover;--awb-margin-bottom:0px;width:66.666666666667%;width:calc(66.666666666667% - ( ( 4% ) * 0.66666666666667 ) );margin-right: 4%;\"><div class=\"fusion-column-wrapper fusion-column-has-shadow fusion-flex-column-wrapper-legacy\"><div class=\"fusion-text fusion-text-11\" style=\"--awb-text-transform:none;\"><p>El impacto psicol\u00f3gico y emocional del aborto puede surgir meses o incluso a\u00f1os despu\u00e9s en mujeres y hombres. Los estudios muestran que el aborto aumenta significativamente el riesgo de:<\/p>\n<ul>\n<li>Depresi\u00f3n cl\u00ednica y ansiedad<\/li>\n<li>Abuso de drogas y alcohol<\/li>\n<li>S\u00edntomas consistentes con el trastorno de estr\u00e9s postraum\u00e1tico (TEPT)<\/li>\n<li>Pensamientos y comportamientos suicidas.<\/li>\n<\/ul>\n<p>Para obtener m\u00e1s informaci\u00f3n, cont\u00e1ctenos en <a href=\"mailto:hope@choicesaz.com\">hope@choicesaz.com<\/a>.<\/p>\n<p>Si usted o alguien que conoce est\u00e1 luchando con sentimientos no deseados despu\u00e9s de un aborto, ofrecemos apoyo gratuito, confidencial y compasivo dise\u00f1ado para ayudar a las mujeres y los hombres a superar estos sentimientos.<\/p>\n<\/div><div class=\"fusion-clearfix\"><\/div><\/div><\/div><div class=\"fusion-layout-column fusion_builder_column fusion-builder-column-14 fusion_builder_column_1_3 1_3 fusion-one-third fusion-column-last\" style=\"--awb-padding-top:3px;--awb-padding-right:20px;--awb-padding-bottom:20px;--awb-padding-left:20px;--awb-overflow:hidden;--awb-bg-color:#f7f7f7;--awb-bg-color-hover:#f7f7f7;--awb-bg-size:cover;--awb-border-radius:10px 10px 10px 10px;--awb-margin-top:15px;--awb-margin-bottom:0px;width:33.333333333333%;width:calc(33.333333333333% - ( ( 4% ) * 0.33333333333333 ) );\"><div class=\"fusion-column-wrapper fusion-column-has-shadow fusion-flex-column-wrapper-legacy\"><div class=\"fusion-text fusion-text-12\"><h3 style=\"text-align: center;\">Conversa con un especialista o reserva una consulta gratuita<\/h3>\n<\/div><div class=\"fusion-align-block\"><a class=\"fusion-button button-flat button-xlarge button-default fusion-button-default button-2 fusion-button-span-yes fusion-button-default-type\" target=\"_self\" href=\"mailto:hope@choicesaz.com\"><i class=\"fa-heart fas awb-button__icon awb-button__icon--default button-icon-left\" aria-hidden=\"true\"><\/i><span class=\"fusion-button-text awb-button__text awb-button__text--default\">el e-mail<\/span><\/a><\/div><div class=\"fusion-clearfix\"><\/div><\/div><\/div><\/div><\/div><\/p>\n","protected":false},"excerpt":{"rendered":"","protected":false},"author":2,"featured_media":0,"parent":455,"menu_order":0,"comment_status":"closed","ping_status":"closed","template":"100-width.php","meta":{"_locale":"es_MX","_original_post":"168","footnotes":""},"class_list":["post-469","page","type-page","status-publish","hentry","es-MX"],"aioseo_notices":[],"_links":{"self":[{"href":"https:\/\/choicesaz.com\/wp-json\/wp\/v2\/pages\/469","targetHints":{"allow":["GET"]}}],"collection":[{"href":"https:\/\/choicesaz.com\/wp-json\/wp\/v2\/pages"}],"about":[{"href":"https:\/\/choicesaz.com\/wp-json\/wp\/v2\/types\/page"}],"author":[{"embeddable":true,"href":"https:\/\/choicesaz.com\/wp-json\/wp\/v2\/users\/2"}],"replies":[{"embeddable":true,"href":"https:\/\/choicesaz.com\/wp-json\/wp\/v2\/comments?post=469"}],"version-history":[{"count":0,"href":"https:\/\/choicesaz.com\/wp-json\/wp\/v2\/pages\/469\/revisions"}],"up":[{"embeddable":true,"href":"https:\/\/choicesaz.com\/wp-json\/wp\/v2\/pages\/455"}],"wp:attachment":[{"href":"https:\/\/choicesaz.com\/wp-json\/wp\/v2\/media?parent=469"}],"curies":[{"name":"wp","href":"https:\/\/api.w.org\/{rel}","templated":true}]}}