{"id":485,"date":"2020-02-07T16:57:47","date_gmt":"2020-02-07T16:57:47","guid":{"rendered":"https:\/\/choicesprod.wpengine.com\/?page_id=485"},"modified":"2020-05-04T09:38:40","modified_gmt":"2020-05-04T16:38:40","slug":"fundraise-for-hope","status":"publish","type":"page","link":"https:\/\/choicesaz.com\/es\/get-involved\/fundraise-for-hope\/","title":{"rendered":"FUNdraise for Hope"},"content":{"rendered":"<p><div class=\"fusion-fullwidth fullwidth-box fusion-builder-row-1 nonhundred-percent-fullwidth non-hundred-percent-height-scrolling fusion-no-small-visibility\" style=\"--awb-border-radius-top-left:0px;--awb-border-radius-top-right:0px;--awb-border-radius-bottom-right:0px;--awb-border-radius-bottom-left:0px;--awb-padding-top:0px;--awb-padding-right:3%;--awb-padding-bottom:0px;--awb-padding-left:3%;--awb-margin-top:0px;--awb-margin-bottom:0px;--awb-background-color:#fe5ba8;--awb-flex-wrap:wrap;\" ><div class=\"fusion-builder-row fusion-row\"><div class=\"fusion-layout-column fusion_builder_column fusion-builder-column-0 fusion_builder_column_1_1 1_1 fusion-one-full fusion-column-first fusion-column-last\" style=\"--awb-padding-top:20px;--awb-bg-size:cover;--awb-margin-bottom:0px;\"><div class=\"fusion-column-wrapper fusion-column-has-shadow fusion-flex-column-wrapper-legacy\"><div class=\"fusion-text fusion-text-1\"><p class=\"white\" style=\"font-size: 0.9em; text-align: left;\"><b>ACTUALIZACI\u00d3N IMPORTANTE:<\/b> Los Centros de Embarazo Choices permanecen abiertos en este momento para servir a nuestros clientes <a class=\"white\" href=\"\/es\/covid-19-protocols\/\"><u>con las precauciones adecuadas<\/u><\/a>. Estamos monitoreando la situaci\u00f3n del Coronavirus (COVID-19) y en contacto con expertos en la industria de la salud.<\/p>\n<\/div><div class=\"fusion-clearfix\"><\/div><\/div><\/div><\/div><\/div>\n<div class=\"fusion-fullwidth fullwidth-box fusion-builder-row-2 nonhundred-percent-fullwidth non-hundred-percent-height-scrolling fusion-no-medium-visibility fusion-no-large-visibility\" style=\"--awb-border-radius-top-left:0px;--awb-border-radius-top-right:0px;--awb-border-radius-bottom-right:0px;--awb-border-radius-bottom-left:0px;--awb-padding-top:0px;--awb-padding-right:8%;--awb-padding-bottom:0px;--awb-padding-left:8%;--awb-margin-top:0px;--awb-margin-bottom:0px;--awb-background-color:#fe5ba8;--awb-flex-wrap:wrap;\" ><div class=\"fusion-builder-row fusion-row\"><div class=\"fusion-layout-column fusion_builder_column fusion-builder-column-1 fusion_builder_column_1_1 1_1 fusion-one-full fusion-column-first fusion-column-last\" style=\"--awb-padding-top:20px;--awb-bg-size:cover;--awb-margin-bottom:0px;\"><div class=\"fusion-column-wrapper fusion-column-has-shadow fusion-flex-column-wrapper-legacy\"><div class=\"fusion-text fusion-text-2\"><p class=\"white\" style=\"font-size: 0.9em; text-align: left;\"><b>ACTUALIZACI\u00d3N IMPORTANTE:<\/b> Los Centros Embarazo Choices permanecen abiertos en este momento para servir a nuestros clientes <a class=\"white\" href=\"\/es\/covid-19-protocols\/\"><u>con las precauciones adecuadas<\/u><\/a>. Estamos monitoreando la situaci\u00f3n del Coronavirus (COVID-19) y en contacto con expertos en la industria de la salud.<\/p>\n<\/div><div class=\"fusion-clearfix\"><\/div><\/div><\/div><\/div><\/div>\n<div class=\"fusion-fullwidth fullwidth-box fusion-builder-row-3 nonhundred-percent-fullwidth non-hundred-percent-height-scrolling fusion-no-small-visibility\" style=\"--awb-border-radius-top-left:0px;--awb-border-radius-top-right:0px;--awb-border-radius-bottom-right:0px;--awb-border-radius-bottom-left:0px;--awb-padding-top:60px;--awb-padding-right:3%;--awb-padding-bottom:60px;--awb-padding-left:3%;--awb-margin-top:0px;--awb-margin-bottom:0px;--awb-background-color:#f7f6f4;--awb-flex-wrap:wrap;\" ><div class=\"fusion-builder-row fusion-row\"><div class=\"fusion-layout-column fusion_builder_column fusion-builder-column-2 fusion_builder_column_1_1 1_1 fusion-one-full fusion-column-first fusion-column-last fusion-no-small-visibility\" style=\"--awb-bg-size:cover;--awb-margin-bottom:0px;\"><div class=\"fusion-column-wrapper fusion-column-has-shadow fusion-flex-column-wrapper-legacy\"><div class=\"fusion-text fusion-text-3\"><h1>FUNdraise for Hope<\/h1>\n<\/div><div class=\"fusion-clearfix\"><\/div><\/div><\/div><\/div><\/div><div class=\"fusion-fullwidth fullwidth-box fusion-builder-row-4 nonhundred-percent-fullwidth non-hundred-percent-height-scrolling fusion-no-medium-visibility fusion-no-large-visibility\" style=\"--awb-border-radius-top-left:0px;--awb-border-radius-top-right:0px;--awb-border-radius-bottom-right:0px;--awb-border-radius-bottom-left:0px;--awb-padding-top:60px;--awb-padding-right:8%;--awb-padding-bottom:60px;--awb-padding-left:8%;--awb-margin-top:0px;--awb-margin-bottom:0px;--awb-background-color:#f7f6f4;--awb-flex-wrap:wrap;\" ><div class=\"fusion-builder-row fusion-row\"><div class=\"fusion-layout-column fusion_builder_column fusion-builder-column-3 fusion_builder_column_1_1 1_1 fusion-one-full fusion-column-first fusion-column-last fusion-no-medium-visibility fusion-no-large-visibility\" style=\"--awb-bg-size:cover;--awb-margin-bottom:0px;\"><div class=\"fusion-column-wrapper fusion-column-has-shadow fusion-flex-column-wrapper-legacy\"><div class=\"fusion-text fusion-text-4\"><h1>FUNdraise for Hope<\/h1>\n<\/div><div class=\"fusion-clearfix\"><\/div><\/div><\/div><\/div><\/div><div class=\"fusion-fullwidth fullwidth-box fusion-builder-row-5 nonhundred-percent-fullwidth non-hundred-percent-height-scrolling fusion-no-small-visibility\" style=\"--awb-border-radius-top-left:0px;--awb-border-radius-top-right:0px;--awb-border-radius-bottom-right:0px;--awb-border-radius-bottom-left:0px;--awb-padding-top:60px;--awb-padding-right:3%;--awb-padding-bottom:60px;--awb-padding-left:3%;--awb-margin-top:0px;--awb-margin-bottom:0px;--awb-background-color:#ffffff;--awb-flex-wrap:wrap;\" ><div class=\"fusion-builder-row fusion-row\"><div class=\"fusion-layout-column fusion_builder_column fusion-builder-column-4 fusion_builder_column_2_3 2_3 fusion-two-third fusion-column-first fusion-no-small-visibility\" style=\"--awb-bg-size:cover;--awb-margin-bottom:0px;width:66.666666666667%;width:calc(66.666666666667% - ( ( 4% ) * 0.66666666666667 ) );margin-right: 4%;\"><div class=\"fusion-column-wrapper fusion-column-has-shadow fusion-flex-column-wrapper-legacy\"><div class=\"fusion-text fusion-text-5\"><h2>C\u00f3mo funciona<\/h2>\n<p>Organice un Pa\u00f1al, Baby Shower y \/ o Baby Bottle Drive y ponga la DIVERSI\u00d3N en la recaudaci\u00f3n de fondos. Es una excelente manera de involucrar a su iglesia, escuela, organizaci\u00f3n o grupo de amigos. Le proporcionaremos todo lo que necesita.<\/p>\n<p>Si desea comenzar, simplemente complete este formulario en l\u00ednea y uno de los miembros de nuestro equipo de Elecciones se comunicar\u00e1 con usted.<\/p>\n<\/div><div class=\"fusion-button-wrapper\"><a class=\"fusion-button button-flat button-xlarge button-default fusion-button-default button-1 fusion-button-default-span fusion-button-default-type\" target=\"_blank\" rel=\"noopener noreferrer\" href=\"https:\/\/choicesaz.typeform.com\/to\/jk9bH8\"><span class=\"fusion-button-text awb-button__text awb-button__text--default\">Quiero recaudar fondos<\/span><\/a><\/div><div class=\"fusion-clearfix\"><\/div><\/div><\/div><div class=\"fusion-layout-column fusion_builder_column fusion-builder-column-5 fusion_builder_column_1_3 1_3 fusion-one-third fusion-column-last\" style=\"--awb-padding-top:0px;--awb-padding-right:0px;--awb-padding-bottom:0px;--awb-padding-left:0px;--awb-bg-color:#ffffff;--awb-bg-color-hover:#ffffff;--awb-bg-size:cover;width:33.333333333333%;width:calc(33.333333333333% - ( ( 4% ) * 0.33333333333333 ) );\"><div class=\"fusion-column-wrapper fusion-column-has-shadow fusion-flex-column-wrapper-legacy\"><div class=\"fusion-clearfix\"><\/div><\/div><\/div>\n<\/div><\/div><div class=\"fusion-fullwidth fullwidth-box fusion-builder-row-6 nonhundred-percent-fullwidth non-hundred-percent-height-scrolling fusion-no-medium-visibility fusion-no-large-visibility\" style=\"--awb-border-radius-top-left:0px;--awb-border-radius-top-right:0px;--awb-border-radius-bottom-right:0px;--awb-border-radius-bottom-left:0px;--awb-padding-top:30px;--awb-padding-right:8%;--awb-padding-bottom:60px;--awb-padding-left:8%;--awb-margin-top:0px;--awb-margin-bottom:0px;--awb-background-color:#ffffff;--awb-flex-wrap:wrap;\" ><div class=\"fusion-builder-row fusion-row\"><div class=\"fusion-layout-column fusion_builder_column fusion-builder-column-6 fusion_builder_column_1_1 1_1 fusion-one-full fusion-column-first fusion-column-last fusion-no-medium-visibility fusion-no-large-visibility\" style=\"--awb-bg-size:cover;--awb-margin-bottom:0px;\"><div class=\"fusion-column-wrapper fusion-column-has-shadow fusion-flex-column-wrapper-legacy\"><div class=\"fusion-text fusion-text-6\"><h2>C\u00f3mo funciona<\/h2>\n<p>Organice un Pa\u00f1al, Baby Shower y \/ o Baby Bottle Drive y ponga la DIVERSI\u00d3N en la recaudaci\u00f3n de fondos. Es una excelente manera de involucrar a su iglesia, escuela, organizaci\u00f3n o grupo de amigos. Le proporcionaremos todo lo que necesita.<\/p>\n<p>Si desea comenzar, simplemente complete este formulario en l\u00ednea y uno de los miembros de nuestro equipo de Elecciones se comunicar\u00e1 con usted.<\/p>\n<\/div><div class=\"fusion-align-block\"><a class=\"fusion-button button-flat button-xlarge button-default fusion-button-default button-2 fusion-button-span-yes fusion-button-default-type\" target=\"_blank\" rel=\"noopener noreferrer\" href=\"https:\/\/choicesaz.typeform.com\/to\/jk9bH8\"><span class=\"fusion-button-text awb-button__text awb-button__text--default\">Quiero recaudar fondos<\/span><\/a><\/div><div class=\"fusion-sep-clear\"><\/div><div class=\"fusion-separator fusion-full-width-sep\" style=\"margin-left: auto;margin-right: auto;margin-bottom:60px;width:100%;\"><\/div><div class=\"fusion-sep-clear\"><\/div><div class=\"fusion-clearfix\"><\/div><\/div><\/div><div class=\"fusion-layout-column fusion_builder_column fusion-builder-column-7 fusion_builder_column_1_3 1_3 fusion-one-third fusion-column-first\" style=\"--awb-padding-top:0px;--awb-padding-right:0px;--awb-padding-bottom:0px;--awb-padding-left:0px;--awb-bg-color:#ffffff;--awb-bg-color-hover:#ffffff;--awb-bg-size:cover;width:33.333333333333%;width:calc(33.333333333333% - ( ( 4% ) * 0.33333333333333 ) );margin-right: 4%;\"><div class=\"fusion-column-wrapper fusion-column-has-shadow fusion-flex-column-wrapper-legacy\"><div class=\"fusion-clearfix\"><\/div><\/div><\/div>\n<\/div><\/div><\/p>\n","protected":false},"excerpt":{"rendered":"","protected":false},"author":2,"featured_media":0,"parent":471,"menu_order":0,"comment_status":"closed","ping_status":"closed","template":"100-width.php","meta":{"_locale":"es_MX","_original_post":"171","footnotes":""},"class_list":["post-485","page","type-page","status-publish","hentry","es-MX"],"aioseo_notices":[],"_links":{"self":[{"href":"https:\/\/choicesaz.com\/wp-json\/wp\/v2\/pages\/485","targetHints":{"allow":["GET"]}}],"collection":[{"href":"https:\/\/choicesaz.com\/wp-json\/wp\/v2\/pages"}],"about":[{"href":"https:\/\/choicesaz.com\/wp-json\/wp\/v2\/types\/page"}],"author":[{"embeddable":true,"href":"https:\/\/choicesaz.com\/wp-json\/wp\/v2\/users\/2"}],"replies":[{"embeddable":true,"href":"https:\/\/choicesaz.com\/wp-json\/wp\/v2\/comments?post=485"}],"version-history":[{"count":0,"href":"https:\/\/choicesaz.com\/wp-json\/wp\/v2\/pages\/485\/revisions"}],"up":[{"embeddable":true,"href":"https:\/\/choicesaz.com\/wp-json\/wp\/v2\/pages\/471"}],"wp:attachment":[{"href":"https:\/\/choicesaz.com\/wp-json\/wp\/v2\/media?parent=485"}],"curies":[{"name":"wp","href":"https:\/\/api.w.org\/{rel}","templated":true}]}}