{"id":493,"date":"2020-02-07T17:10:11","date_gmt":"2020-02-07T17:10:11","guid":{"rendered":"https:\/\/choicesprod.wpengine.com\/?page_id=493"},"modified":"2020-05-04T09:36:43","modified_gmt":"2020-05-04T16:36:43","slug":"amazon-smile","status":"publish","type":"page","link":"https:\/\/choicesaz.com\/es\/get-involved\/amazon-smile\/","title":{"rendered":"Amazon Smile"},"content":{"rendered":"<p><div class=\"fusion-fullwidth fullwidth-box fusion-builder-row-1 nonhundred-percent-fullwidth non-hundred-percent-height-scrolling fusion-no-small-visibility\" style=\"--awb-border-radius-top-left:0px;--awb-border-radius-top-right:0px;--awb-border-radius-bottom-right:0px;--awb-border-radius-bottom-left:0px;--awb-padding-top:0px;--awb-padding-right:3%;--awb-padding-bottom:0px;--awb-padding-left:3%;--awb-margin-top:0px;--awb-margin-bottom:0px;--awb-background-color:#fe5ba8;--awb-flex-wrap:wrap;\" ><div class=\"fusion-builder-row fusion-row\"><div class=\"fusion-layout-column fusion_builder_column fusion-builder-column-0 fusion_builder_column_1_1 1_1 fusion-one-full fusion-column-first fusion-column-last\" style=\"--awb-padding-top:20px;--awb-bg-size:cover;--awb-margin-bottom:0px;\"><div class=\"fusion-column-wrapper fusion-column-has-shadow fusion-flex-column-wrapper-legacy\"><div class=\"fusion-text fusion-text-1\"><p class=\"white\" style=\"font-size: 0.9em; text-align: left;\"><b>ACTUALIZACI\u00d3N IMPORTANTE:<\/b> Los Centros de Embarazo Choices permanecen abiertos en este momento para servir a nuestros clientes <a class=\"white\" href=\"\/es\/covid-19-protocols\/\"><u>con las precauciones adecuadas<\/u><\/a>. Estamos monitoreando la situaci\u00f3n del Coronavirus (COVID-19) y en contacto con expertos en la industria de la salud.<\/p>\n<\/div><div class=\"fusion-clearfix\"><\/div><\/div><\/div><\/div><\/div>\n<div class=\"fusion-fullwidth fullwidth-box fusion-builder-row-2 nonhundred-percent-fullwidth non-hundred-percent-height-scrolling fusion-no-medium-visibility fusion-no-large-visibility\" style=\"--awb-border-radius-top-left:0px;--awb-border-radius-top-right:0px;--awb-border-radius-bottom-right:0px;--awb-border-radius-bottom-left:0px;--awb-padding-top:0px;--awb-padding-right:8%;--awb-padding-bottom:0px;--awb-padding-left:8%;--awb-margin-top:0px;--awb-margin-bottom:0px;--awb-background-color:#fe5ba8;--awb-flex-wrap:wrap;\" ><div class=\"fusion-builder-row fusion-row\"><div class=\"fusion-layout-column fusion_builder_column fusion-builder-column-1 fusion_builder_column_1_1 1_1 fusion-one-full fusion-column-first fusion-column-last\" style=\"--awb-padding-top:20px;--awb-bg-size:cover;--awb-margin-bottom:0px;\"><div class=\"fusion-column-wrapper fusion-column-has-shadow fusion-flex-column-wrapper-legacy\"><div class=\"fusion-text fusion-text-2\"><p class=\"white\" style=\"font-size: 0.9em; text-align: left;\"><b>ACTUALIZACI\u00d3N IMPORTANTE:<\/b> Los Centros Embarazo Choices permanecen abiertos en este momento para servir a nuestros clientes <a class=\"white\" href=\"\/es\/covid-19-protocols\/\"><u>con las precauciones adecuadas<\/u><\/a>. Estamos monitoreando la situaci\u00f3n del Coronavirus (COVID-19) y en contacto con expertos en la industria de la salud.<\/p>\n<\/div><div class=\"fusion-clearfix\"><\/div><\/div><\/div><\/div><\/div>\n<div class=\"fusion-fullwidth fullwidth-box fusion-builder-row-3 nonhundred-percent-fullwidth non-hundred-percent-height-scrolling fusion-no-small-visibility\" style=\"--awb-border-radius-top-left:0px;--awb-border-radius-top-right:0px;--awb-border-radius-bottom-right:0px;--awb-border-radius-bottom-left:0px;--awb-padding-top:60px;--awb-padding-right:3%;--awb-padding-bottom:60px;--awb-padding-left:3%;--awb-margin-top:0px;--awb-margin-bottom:0px;--awb-background-color:#f7f6f4;--awb-flex-wrap:wrap;\" ><div class=\"fusion-builder-row fusion-row\"><div class=\"fusion-layout-column fusion_builder_column fusion-builder-column-2 fusion_builder_column_1_1 1_1 fusion-one-full fusion-column-first fusion-column-last fusion-no-small-visibility\" style=\"--awb-bg-size:cover;--awb-margin-bottom:0px;\"><div class=\"fusion-column-wrapper fusion-column-has-shadow fusion-flex-column-wrapper-legacy\"><div class=\"fusion-text fusion-text-3\"><h1>Sonrisa Amazon<\/h1>\n<\/div><div class=\"fusion-clearfix\"><\/div><\/div><\/div><\/div><\/div><div class=\"fusion-fullwidth fullwidth-box fusion-builder-row-4 nonhundred-percent-fullwidth non-hundred-percent-height-scrolling fusion-no-medium-visibility fusion-no-large-visibility\" style=\"--awb-border-radius-top-left:0px;--awb-border-radius-top-right:0px;--awb-border-radius-bottom-right:0px;--awb-border-radius-bottom-left:0px;--awb-padding-top:60px;--awb-padding-right:8%;--awb-padding-bottom:60px;--awb-padding-left:8%;--awb-margin-top:0px;--awb-margin-bottom:0px;--awb-background-color:#f7f6f4;--awb-flex-wrap:wrap;\" ><div class=\"fusion-builder-row fusion-row\"><div class=\"fusion-layout-column fusion_builder_column fusion-builder-column-3 fusion_builder_column_1_1 1_1 fusion-one-full fusion-column-first fusion-column-last fusion-no-medium-visibility fusion-no-large-visibility\" style=\"--awb-bg-size:cover;--awb-margin-bottom:0px;\"><div class=\"fusion-column-wrapper fusion-column-has-shadow fusion-flex-column-wrapper-legacy\"><div class=\"fusion-text fusion-text-4\"><h1>Sonrisa Amazon<\/h1>\n<\/div><div class=\"fusion-clearfix\"><\/div><\/div><\/div><\/div><\/div><div class=\"fusion-fullwidth fullwidth-box fusion-builder-row-5 nonhundred-percent-fullwidth non-hundred-percent-height-scrolling fusion-no-small-visibility\" style=\"--awb-border-radius-top-left:0px;--awb-border-radius-top-right:0px;--awb-border-radius-bottom-right:0px;--awb-border-radius-bottom-left:0px;--awb-padding-top:60px;--awb-padding-right:3%;--awb-padding-bottom:60px;--awb-padding-left:3%;--awb-margin-top:0px;--awb-margin-bottom:0px;--awb-background-color:#ffffff;--awb-flex-wrap:wrap;\" ><div class=\"fusion-builder-row fusion-row\"><div class=\"fusion-layout-column fusion_builder_column fusion-builder-column-4 fusion_builder_column_2_3 2_3 fusion-two-third fusion-column-first fusion-no-small-visibility\" style=\"--awb-bg-size:cover;--awb-margin-bottom:0px;width:66.666666666667%;width:calc(66.666666666667% - ( ( 4% ) * 0.66666666666667 ) );margin-right: 4%;\"><div class=\"fusion-column-wrapper fusion-column-has-shadow fusion-flex-column-wrapper-legacy\"><div class=\"fusion-text fusion-text-5\"><h2>C\u00f3mo funciona<\/h2>\n<p>Compre con un prop\u00f3sito en www.smile.amazon.com. Encontrar\u00e1s el mismo Amazon y Amazon Prime que conoces y amas, con la ventaja adicional de que Amazon donar\u00e1 una parte del precio de las compras elegibles a CPC de Greater Phoenix. Es f\u00e1cil &#8230; as\u00ed es como:<\/p>\n<ol>\n<li>Visitar <a style=\"font-weight: 600;\" href=\"http:\/\/www.smile.amazon.com\" target=\"_blank\" rel=\"noopener noreferrer\">www.smile.amazon.com<\/a><\/li>\n<li>Inicie sesi\u00f3n con sus credenciales de Amazon.com<\/li>\n<li>Seleccione <span style=\"font-weight: 600;\">CPC of Greater Phoenix, Inc.<\/span> como la caridad de tu elecci\u00f3n.<\/li>\n<li>empieza a comprar<\/li>\n<li>Agregue un marcador para smile.amazon.com para que sea a\u00fan m\u00e1s f\u00e1cil regresar y comprar. \u00bfNecesita ayuda para configurar un marcador? <a href=\"https:\/\/www.computerhope.com\/issues\/ch000858.htm\" target=\"_blank\" rel=\"noopener noreferrer\">haga clic aqu\u00ed<\/a>.<\/li>\n<\/ol>\n<p>Nota: nunca m\u00e1s tendr\u00e1 que designarnos. Apoyar\u00e1 autom\u00e1ticamente el CPC de Greater Phoenix, Inc. cada vez que realice compras. <span style=\"font-weight: 600;\">PERO TIENES que comprar en smile.amazon.com &#8230; no en el sitio habitual de Amazon.<\/span><\/p>\n<\/div><div class=\"fusion-clearfix\"><\/div><\/div><\/div><div class=\"fusion-layout-column fusion_builder_column fusion-builder-column-5 fusion_builder_column_1_3 1_3 fusion-one-third fusion-column-last\" style=\"--awb-padding-top:0px;--awb-padding-right:0px;--awb-padding-bottom:0px;--awb-padding-left:0px;--awb-bg-color:#ffffff;--awb-bg-color-hover:#ffffff;--awb-bg-size:cover;width:33.333333333333%;width:calc(33.333333333333% - ( ( 4% ) * 0.33333333333333 ) );\"><div class=\"fusion-column-wrapper fusion-column-has-shadow fusion-flex-column-wrapper-legacy\"><div class=\"fusion-clearfix\"><\/div><\/div><\/div>\n<\/div><\/div><div class=\"fusion-fullwidth fullwidth-box fusion-builder-row-6 nonhundred-percent-fullwidth non-hundred-percent-height-scrolling fusion-no-medium-visibility fusion-no-large-visibility\" style=\"--awb-border-radius-top-left:0px;--awb-border-radius-top-right:0px;--awb-border-radius-bottom-right:0px;--awb-border-radius-bottom-left:0px;--awb-padding-top:30px;--awb-padding-right:8%;--awb-padding-bottom:40px;--awb-padding-left:8%;--awb-margin-top:0px;--awb-margin-bottom:0px;--awb-background-color:#ffffff;--awb-flex-wrap:wrap;\" ><div class=\"fusion-builder-row fusion-row\"><div class=\"fusion-layout-column fusion_builder_column fusion-builder-column-6 fusion_builder_column_1_1 1_1 fusion-one-full fusion-column-first fusion-column-last fusion-no-medium-visibility fusion-no-large-visibility\" style=\"--awb-bg-size:cover;--awb-margin-bottom:0px;\"><div class=\"fusion-column-wrapper fusion-column-has-shadow fusion-flex-column-wrapper-legacy\"><div class=\"fusion-text fusion-text-6\"><h2>C\u00f3mo funciona<\/h2>\n<p>Compre con un prop\u00f3sito en www.smile.amazon.com. Encontrar\u00e1s el mismo Amazon y Amazon Prime que conoces y amas, con la ventaja adicional de que Amazon donar\u00e1 una parte del precio de las compras elegibles a CPC de Greater Phoenix. Es f\u00e1cil &#8230; as\u00ed es como:<\/p>\n<ol>\n<li>Visitar <a style=\"font-weight: 600;\" href=\"http:\/\/www.smile.amazon.com\" target=\"_blank\" rel=\"noopener noreferrer\">www.smile.amazon.com<\/a><\/li>\n<li>Inicie sesi\u00f3n con sus credenciales de Amazon.com<\/li>\n<li>Seleccione <span style=\"font-weight: 600;\">CPC of Greater Phoenix, Inc.<\/span> como la caridad de tu elecci\u00f3n.<\/li>\n<li>empieza a comprar<\/li>\n<li>Agregue un marcador para smile.amazon.com para que sea a\u00fan m\u00e1s f\u00e1cil regresar y comprar. \u00bfNecesita ayuda para configurar un marcador? <a href=\"https:\/\/www.computerhope.com\/issues\/ch000858.htm\" target=\"_blank\" rel=\"noopener noreferrer\">haga clic aqu\u00ed<\/a>.<\/li>\n<\/ol>\n<p>Nota: nunca m\u00e1s tendr\u00e1 que designarnos. Apoyar\u00e1 autom\u00e1ticamente el CPC de Greater Phoenix, Inc. cada vez que realice compras. <span style=\"font-weight: 600;\">PERO TIENES que comprar en smile.amazon.com &#8230; no en el sitio habitual de Amazon.<\/span><\/p>\n<\/div><div class=\"fusion-clearfix\"><\/div><\/div><\/div><div class=\"fusion-layout-column fusion_builder_column fusion-builder-column-7 fusion_builder_column_1_3 1_3 fusion-one-third fusion-column-first\" style=\"--awb-padding-top:0px;--awb-padding-right:0px;--awb-padding-bottom:0px;--awb-padding-left:0px;--awb-bg-color:#ffffff;--awb-bg-color-hover:#ffffff;--awb-bg-size:cover;width:33.333333333333%;width:calc(33.333333333333% - ( ( 4% ) * 0.33333333333333 ) );margin-right: 4%;\"><div class=\"fusion-column-wrapper fusion-column-has-shadow fusion-flex-column-wrapper-legacy\"><div class=\"fusion-clearfix\"><\/div><\/div><\/div>\n<\/div><\/div><\/p>\n","protected":false},"excerpt":{"rendered":"","protected":false},"author":2,"featured_media":0,"parent":471,"menu_order":0,"comment_status":"closed","ping_status":"closed","template":"100-width.php","meta":{"_locale":"es_MX","_original_post":"163","footnotes":""},"class_list":["post-493","page","type-page","status-publish","hentry","es-MX"],"aioseo_notices":[],"_links":{"self":[{"href":"https:\/\/choicesaz.com\/wp-json\/wp\/v2\/pages\/493","targetHints":{"allow":["GET"]}}],"collection":[{"href":"https:\/\/choicesaz.com\/wp-json\/wp\/v2\/pages"}],"about":[{"href":"https:\/\/choicesaz.com\/wp-json\/wp\/v2\/types\/page"}],"author":[{"embeddable":true,"href":"https:\/\/choicesaz.com\/wp-json\/wp\/v2\/users\/2"}],"replies":[{"embeddable":true,"href":"https:\/\/choicesaz.com\/wp-json\/wp\/v2\/comments?post=493"}],"version-history":[{"count":0,"href":"https:\/\/choicesaz.com\/wp-json\/wp\/v2\/pages\/493\/revisions"}],"up":[{"embeddable":true,"href":"https:\/\/choicesaz.com\/wp-json\/wp\/v2\/pages\/471"}],"wp:attachment":[{"href":"https:\/\/choicesaz.com\/wp-json\/wp\/v2\/media?parent=493"}],"curies":[{"name":"wp","href":"https:\/\/api.w.org\/{rel}","templated":true}]}}