{"id":645,"date":"2020-05-04T09:25:48","date_gmt":"2020-05-04T16:25:48","guid":{"rendered":"https:\/\/choicesaz.com\/?page_id=645"},"modified":"2020-05-05T09:57:35","modified_gmt":"2020-05-05T16:57:35","slug":"covid-19-protocols","status":"publish","type":"page","link":"https:\/\/choicesaz.com\/es\/covid-19-protocols\/","title":{"rendered":"COVID-19 Protocols"},"content":{"rendered":"<p><div class=\"fusion-fullwidth fullwidth-box fusion-builder-row-1 nonhundred-percent-fullwidth non-hundred-percent-height-scrolling fusion-no-small-visibility\" style=\"--awb-border-radius-top-left:0px;--awb-border-radius-top-right:0px;--awb-border-radius-bottom-right:0px;--awb-border-radius-bottom-left:0px;--awb-padding-top:0px;--awb-padding-right:3%;--awb-padding-bottom:0px;--awb-padding-left:3%;--awb-margin-top:0px;--awb-margin-bottom:0px;--awb-background-color:#fe5ba8;--awb-flex-wrap:wrap;\" ><div class=\"fusion-builder-row fusion-row\"><div class=\"fusion-layout-column fusion_builder_column fusion-builder-column-0 fusion_builder_column_1_1 1_1 fusion-one-full fusion-column-first fusion-column-last\" style=\"--awb-padding-top:20px;--awb-bg-size:cover;--awb-margin-bottom:0px;\"><div class=\"fusion-column-wrapper fusion-column-has-shadow fusion-flex-column-wrapper-legacy\"><div class=\"fusion-text fusion-text-1\"><p class=\"white\" style=\"font-size: 0.9em; text-align: left;\"><b>ACTUALIZACI\u00d3N IMPORTANTE:<\/b> Los Centros de Embarazo Choices permanecen abiertos en este momento para servir a nuestros clientes <a class=\"white\" href=\"\/es\/covid-19-protocols\/\"><u>con las precauciones adecuadas<\/u><\/a>. Estamos monitoreando la situaci\u00f3n del Coronavirus (COVID-19) y en contacto con expertos en la industria de la salud.<\/p>\n<\/div><div class=\"fusion-clearfix\"><\/div><\/div><\/div><\/div><\/div>\n<div class=\"fusion-fullwidth fullwidth-box fusion-builder-row-2 nonhundred-percent-fullwidth non-hundred-percent-height-scrolling fusion-no-medium-visibility fusion-no-large-visibility\" style=\"--awb-border-radius-top-left:0px;--awb-border-radius-top-right:0px;--awb-border-radius-bottom-right:0px;--awb-border-radius-bottom-left:0px;--awb-padding-top:0px;--awb-padding-right:8%;--awb-padding-bottom:0px;--awb-padding-left:8%;--awb-margin-top:0px;--awb-margin-bottom:0px;--awb-background-color:#fe5ba8;--awb-flex-wrap:wrap;\" ><div class=\"fusion-builder-row fusion-row\"><div class=\"fusion-layout-column fusion_builder_column fusion-builder-column-1 fusion_builder_column_1_1 1_1 fusion-one-full fusion-column-first fusion-column-last\" style=\"--awb-padding-top:20px;--awb-bg-size:cover;--awb-margin-bottom:0px;\"><div class=\"fusion-column-wrapper fusion-column-has-shadow fusion-flex-column-wrapper-legacy\"><div class=\"fusion-text fusion-text-2\"><p class=\"white\" style=\"font-size: 0.9em; text-align: left;\"><b>ACTUALIZACI\u00d3N IMPORTANTE:<\/b> Los Centros Embarazo Choices permanecen abiertos en este momento para servir a nuestros clientes <a class=\"white\" href=\"\/es\/covid-19-protocols\/\"><u>con las precauciones adecuadas<\/u><\/a>. Estamos monitoreando la situaci\u00f3n del Coronavirus (COVID-19) y en contacto con expertos en la industria de la salud.<\/p>\n<\/div><div class=\"fusion-clearfix\"><\/div><\/div><\/div><\/div><\/div>\n<div class=\"fusion-fullwidth fullwidth-box fusion-builder-row-3 nonhundred-percent-fullwidth non-hundred-percent-height-scrolling fusion-no-small-visibility\" style=\"--awb-border-radius-top-left:0px;--awb-border-radius-top-right:0px;--awb-border-radius-bottom-right:0px;--awb-border-radius-bottom-left:0px;--awb-padding-top:60px;--awb-padding-right:3%;--awb-padding-bottom:60px;--awb-padding-left:3%;--awb-margin-top:0px;--awb-margin-bottom:0px;--awb-flex-wrap:wrap;\" ><div class=\"fusion-builder-row fusion-row\"><div class=\"fusion-layout-column fusion_builder_column fusion-builder-column-2 fusion_builder_column_2_3 2_3 fusion-two-third fusion-column-first fusion-no-small-visibility\" style=\"--awb-bg-size:cover;--awb-margin-bottom:0px;width:65.3333%; margin-right: 4%;\"><div class=\"fusion-column-wrapper fusion-column-has-shadow fusion-flex-column-wrapper-legacy\"><div class=\"fusion-text fusion-text-3\"><h1>Protocolos COVID-19<\/h1>\n<p>Seg\u00fan los Centros para el Control de Enfermedades de EE. UU., La amenaza para la poblaci\u00f3n general de EE. UU. Sigue siendo baja. Tambi\u00e9n sabemos que hay personas con problemas de salud subyacentes o en ciertos rangos de edad que est\u00e1n en mayor riesgo. La seguridad y la salud de nuestros clientes, personal y comunidades siguen siendo nuestras principales prioridades. Por favor revise regularmente para actualizaciones.<\/p>\n<ul>\n<li>Una vez que llegue a nuestro centro para su cita, encontrar\u00e1 que nuestra puerta principal est\u00e1 cerrada. Un letrero le informar\u00e1 que llame al n\u00famero de tel\u00e9fono de Choices para registrarse por tel\u00e9fono. Puede hacerlo desde su autom\u00f3vil y solo le tomar\u00e1 unos minutos. Una vez que se registre y su cita est\u00e9 lista, le enviaremos un mensaje de texto para que regrese a la puerta principal y un asociado lo saludar\u00e1 y lo llevar\u00e1 a su cita.<\/li>\n<li>Debido al riesgo del coronavirus (COVID-19), NO ingrese a nuestras cl\u00ednicas si ha tenido fiebre en las \u00faltimas 48 horas o un inicio reciente de tos o dolor corporal. o ha estado en contacto con alguien con COVID-19. Una persona debe estar libre de fiebre sin el uso de medicamentos antifebriles.<\/li>\n<li>Antes de ingresar a nuestro centro, nuestro personal le solicitar\u00e1 permiso para tomarle la temperatura, y cualquier persona que ingrese al centro con usted, utilizando un term\u00f3metro l\u00e1ser. Si su temperatura, la temperatura de sus invitados es de 100 grados o m\u00e1s, a ambos no se les permitir\u00e1 ingresar al centro.<\/li>\n<li>Si ha viajado recientemente fuera de los EE. UU. O Nueva York, Nueva Jersey o Connecticut en los \u00faltimos 14 d\u00edas, llame a nuestro centro antes de llegar.<\/li>\n<li>Todos los clientes (e invitados, si corresponde) deben usar una m\u00e1scara dentro de nuestro centro. Si no tiene una, se le proporcionar\u00e1 una m\u00e1scara (si las tenemos disponibles).<\/li>\n<li>En este momento, si es posible, estamos pidiendo a las personas que dejen a sus hijos en casa. Si es absolutamente necesario que lo acompa\u00f1en, le haremos las mismas preguntas de salud y viaje con respecto a ellos.<\/li>\n<li>Ning\u00fan invitado adicional puede acompa\u00f1arla a una cita de prueba de embarazo.<\/li>\n<li>Solo se permitir\u00e1 un invitado en una cita de ultrasonido.<\/li>\n<li>Puede llamar a nuestro centro o conectarse para reprogramar su cita. Estos pasos se est\u00e1n tomando para la seguridad y el bienestar del personal de nuestro centro y otros clientes.<\/li>\n<\/ul>\n<\/div><div class=\"fusion-clearfix\"><\/div><\/div><\/div><div class=\"fusion-layout-column fusion_builder_column fusion-builder-column-3 fusion_builder_column_1_3 1_3 fusion-one-third fusion-column-last\" style=\"--awb-padding-top:3px;--awb-padding-right:20px;--awb-padding-bottom:20px;--awb-padding-left:20px;--awb-overflow:hidden;--awb-bg-color:#f7f7f7;--awb-bg-color-hover:#f7f7f7;--awb-bg-size:cover;--awb-border-radius:10px 10px 10px 10px;--awb-margin-top:15px;--awb-margin-bottom:0px;width:30.6666%;\"><div class=\"fusion-column-wrapper fusion-column-has-shadow fusion-flex-column-wrapper-legacy\"><div class=\"fusion-sep-clear\"><\/div><div class=\"fusion-separator fusion-full-width-sep\" style=\"margin-left: auto;margin-right: auto;margin-top:5px;width:100%;\"><\/div><div class=\"fusion-sep-clear\"><\/div><div class=\"fusion-text fusion-text-4\"><h3 class=\"fusion-responsive-typography-calculated\" style=\"text-align: center;\" data-fontsize=\"20\" data-lineheight=\"24px\">Para programar una\u00a0prueba de embarazo<\/h3>\n<\/div><div class=\"fusion-sep-clear\"><\/div><div class=\"fusion-separator fusion-full-width-sep\" style=\"margin-left: auto;margin-right: auto;margin-top:10px;width:100%;\"><\/div><div class=\"fusion-sep-clear\"><\/div><div class=\"fusion-align-block\"><a class=\"fusion-button button-flat button-xlarge button-default fusion-button-default button-1 fusion-button-span-yes fusion-button-default-type\" target=\"_self\" href=\"\/es\/locations-functionality\"><i class=\"fa-heart fas awb-button__icon awb-button__icon--default button-icon-left\" aria-hidden=\"true\"><\/i><span class=\"fusion-button-text awb-button__text awb-button__text--default\">RESERVE AHORA<\/span><\/a><\/div><div class=\"fusion-text fusion-text-5\"><h3 class=\"fusion-responsive-typography-calculated\" style=\"text-align: center;\" data-fontsize=\"20\" data-lineheight=\"24px\">Contacta con nosotros<\/h3>\n<\/div><div class=\"fusion-align-block\"><a class=\"fusion-button button-flat button-xlarge button-default fusion-button-default button-2 fusion-button-span-yes fusion-button-default-type\" target=\"_self\" href=\"\/es\/locations-functionality\"><i class=\"fa-heart fas awb-button__icon awb-button__icon--default button-icon-left\" aria-hidden=\"true\"><\/i><span class=\"fusion-button-text awb-button__text awb-button__text--default\">RESERVE AHORA<\/span><\/a><\/div><div class=\"fusion-clearfix\"><\/div><\/div><\/div>\n<\/div><\/div><div class=\"fusion-fullwidth fullwidth-box fusion-builder-row-4 nonhundred-percent-fullwidth non-hundred-percent-height-scrolling fusion-no-medium-visibility fusion-no-large-visibility\" style=\"--awb-border-radius-top-left:0px;--awb-border-radius-top-right:0px;--awb-border-radius-bottom-right:0px;--awb-border-radius-bottom-left:0px;--awb-padding-top:60px;--awb-padding-right:8%;--awb-padding-bottom:60px;--awb-padding-left:8%;--awb-margin-top:0px;--awb-margin-bottom:0px;--awb-flex-wrap:wrap;\" ><div class=\"fusion-builder-row fusion-row\"><div class=\"fusion-layout-column fusion_builder_column fusion-builder-column-4 fusion_builder_column_2_3 2_3 fusion-two-third fusion-column-first fusion-no-medium-visibility fusion-no-large-visibility\" style=\"--awb-bg-size:cover;--awb-margin-bottom:0px;width:65.3333%; margin-right: 4%;\"><div class=\"fusion-column-wrapper fusion-column-has-shadow fusion-flex-column-wrapper-legacy\"><div class=\"fusion-text fusion-text-6\"><h1>Protocolos COVID-19<\/h1>\n<p>Seg\u00fan los Centros para el Control de Enfermedades de EE. UU., La amenaza para la poblaci\u00f3n general de EE. UU. Sigue siendo baja. Tambi\u00e9n sabemos que hay personas con problemas de salud subyacentes o en ciertos rangos de edad que est\u00e1n en mayor riesgo. La seguridad y la salud de nuestros clientes, personal y comunidades siguen siendo nuestras principales prioridades. Por favor revise regularmente para actualizaciones.<\/p>\n<ul>\n<li>Una vez que llegue a nuestro centro para su cita, encontrar\u00e1 que nuestra puerta principal est\u00e1 cerrada. Un letrero le informar\u00e1 que llame al n\u00famero de tel\u00e9fono de Choices para registrarse por tel\u00e9fono. Puede hacerlo desde su autom\u00f3vil y solo le tomar\u00e1 unos minutos. Una vez que se registre y su cita est\u00e9 lista, le enviaremos un mensaje de texto para que regrese a la puerta principal y un asociado lo saludar\u00e1 y lo llevar\u00e1 a su cita.<\/li>\n<li>Debido al riesgo del coronavirus (COVID-19), NO ingrese a nuestras cl\u00ednicas si ha tenido fiebre en las \u00faltimas 48 horas o un inicio reciente de tos o dolor corporal. o ha estado en contacto con alguien con COVID-19. Una persona debe estar libre de fiebre sin el uso de medicamentos antifebriles.<\/li>\n<li>Antes de ingresar a nuestro centro, nuestro personal le solicitar\u00e1 permiso para tomarle la temperatura, y cualquier persona que ingrese al centro con usted, utilizando un term\u00f3metro l\u00e1ser. Si su temperatura, la temperatura de sus invitados es de 100 grados o m\u00e1s, a ambos no se les permitir\u00e1 ingresar al centro.<\/li>\n<li>Si ha viajado recientemente fuera de los EE. UU. O Nueva York, Nueva Jersey o Connecticut en los \u00faltimos 14 d\u00edas, llame a nuestro centro antes de llegar.<\/li>\n<li>Todos los clientes (e invitados, si corresponde) deben usar una m\u00e1scara dentro de nuestro centro. Si no tiene una, se le proporcionar\u00e1 una m\u00e1scara (si las tenemos disponibles).<\/li>\n<li>En este momento, si es posible, estamos pidiendo a las personas que dejen a sus hijos en casa. Si es absolutamente necesario que lo acompa\u00f1en, le haremos las mismas preguntas de salud y viaje con respecto a ellos.<\/li>\n<li>Ning\u00fan invitado adicional puede acompa\u00f1arla a una cita de prueba de embarazo.<\/li>\n<li>Solo se permitir\u00e1 un invitado en una cita de ultrasonido.<\/li>\n<li>Puede llamar a nuestro centro o conectarse para reprogramar su cita. Estos pasos se est\u00e1n tomando para la seguridad y el bienestar del personal de nuestro centro y otros clientes.<\/li>\n<\/ul>\n<\/div><div class=\"fusion-clearfix\"><\/div><\/div><\/div><div class=\"fusion-layout-column fusion_builder_column fusion-builder-column-5 fusion_builder_column_1_3 1_3 fusion-one-third fusion-column-last\" style=\"--awb-padding-top:3px;--awb-padding-right:20px;--awb-padding-bottom:20px;--awb-padding-left:20px;--awb-overflow:hidden;--awb-bg-color:#f7f7f7;--awb-bg-color-hover:#f7f7f7;--awb-bg-size:cover;--awb-border-radius:10px 10px 10px 10px;--awb-margin-top:15px;--awb-margin-bottom:0px;width:30.6666%;\"><div class=\"fusion-column-wrapper fusion-column-has-shadow fusion-flex-column-wrapper-legacy\"><div class=\"fusion-sep-clear\"><\/div><div class=\"fusion-separator fusion-full-width-sep\" style=\"margin-left: auto;margin-right: auto;margin-top:5px;width:100%;\"><\/div><div class=\"fusion-sep-clear\"><\/div><div class=\"fusion-text fusion-text-7\"><h3 class=\"fusion-responsive-typography-calculated\" style=\"text-align: center;\" data-fontsize=\"20\" data-lineheight=\"24px\">Para programar una\u00a0prueba de embarazo<\/h3>\n<\/div><div class=\"fusion-sep-clear\"><\/div><div class=\"fusion-separator fusion-full-width-sep\" style=\"margin-left: auto;margin-right: auto;margin-top:10px;width:100%;\"><\/div><div class=\"fusion-sep-clear\"><\/div><div class=\"fusion-align-block\"><a class=\"fusion-button button-flat button-xlarge button-default fusion-button-default button-3 fusion-button-span-yes fusion-button-default-type\" target=\"_self\" href=\"\/es\/locations-functionality\"><i class=\"fa-heart fas awb-button__icon awb-button__icon--default button-icon-left\" aria-hidden=\"true\"><\/i><span class=\"fusion-button-text awb-button__text awb-button__text--default\">RESERVE AHORA<\/span><\/a><\/div><div class=\"fusion-text fusion-text-8\"><h3 class=\"fusion-responsive-typography-calculated\" style=\"text-align: center;\" data-fontsize=\"20\" data-lineheight=\"24px\">Contacta con nosotros<\/h3>\n<\/div><div class=\"fusion-align-block\"><a class=\"fusion-button button-flat button-xlarge button-default fusion-button-default button-4 fusion-button-span-yes fusion-button-default-type\" target=\"_self\" href=\"\/es\/locations-functionality\"><i class=\"fa-heart fas awb-button__icon awb-button__icon--default button-icon-left\" aria-hidden=\"true\"><\/i><span class=\"fusion-button-text awb-button__text awb-button__text--default\">RESERVE AHORA<\/span><\/a><\/div><div class=\"fusion-clearfix\"><\/div><\/div><\/div>\n<\/div><\/div><\/p>\n","protected":false},"excerpt":{"rendered":"","protected":false},"author":2,"featured_media":0,"parent":0,"menu_order":0,"comment_status":"closed","ping_status":"open","template":"100-width.php","meta":{"_locale":"es_MX","_original_post":"https:\/\/choicesaz.com\/?page_id=610","footnotes":""},"class_list":["post-645","page","type-page","status-publish","hentry","es-MX"],"aioseo_notices":[],"_links":{"self":[{"href":"https:\/\/choicesaz.com\/wp-json\/wp\/v2\/pages\/645","targetHints":{"allow":["GET"]}}],"collection":[{"href":"https:\/\/choicesaz.com\/wp-json\/wp\/v2\/pages"}],"about":[{"href":"https:\/\/choicesaz.com\/wp-json\/wp\/v2\/types\/page"}],"author":[{"embeddable":true,"href":"https:\/\/choicesaz.com\/wp-json\/wp\/v2\/users\/2"}],"replies":[{"embeddable":true,"href":"https:\/\/choicesaz.com\/wp-json\/wp\/v2\/comments?post=645"}],"version-history":[{"count":0,"href":"https:\/\/choicesaz.com\/wp-json\/wp\/v2\/pages\/645\/revisions"}],"wp:attachment":[{"href":"https:\/\/choicesaz.com\/wp-json\/wp\/v2\/media?parent=645"}],"curies":[{"name":"wp","href":"https:\/\/api.w.org\/{rel}","templated":true}]}}